{"id":42,"date":"2023-05-11T05:39:19","date_gmt":"2023-05-11T05:39:19","guid":{"rendered":"https:\/\/www.revancedapp.download\/?page_id=42"},"modified":"2023-05-11T05:39:21","modified_gmt":"2023-05-11T05:39:21","slug":"haftungsausschluss","status":"publish","type":"page","link":"https:\/\/www.revancedapp.download\/de\/haftungsausschluss\/","title":{"rendered":"Haftungsausschluss"},"content":{"rendered":"<p>Wir m\u00f6chten klarstellen, dass wir nicht die offiziellen Entwickler der ReVanced App sind. Die Meinungen, Empfehlungen und Informationen, die auf unserer Blog-Website geteilt werden, beruhen ausschlie\u00dflich auf unseren pers\u00f6nlichen Erfahrungen und Recherchen. Wir stehen in keiner Verbindung zu den Entwicklern der ReVanced App und sind nicht f\u00fcr deren Leistung oder Funktionalit\u00e4t verantwortlich. Daher k\u00f6nnen wir nicht f\u00fcr Probleme oder Sch\u00e4den verantwortlich gemacht werden, die sich aus der Nutzung der ReVanced App ergeben k\u00f6nnten. Wir raten unseren Lesern, beim Herunterladen und bei der Verwendung von Apps von Drittanbietern Vorsicht walten zu lassen, und wir empfehlen, eigene Nachforschungen anzustellen, bevor Sie irgendwelche Entscheidungen treffen.<\/p>","protected":false},"excerpt":{"rendered":"<p>We want to make it clear that we are not the official developers of the ReVanced App. The opinions, recommendations, and information shared on our blog website are solely based on our personal experience and research. We do not have any association with the creators of the ReVanced App, and we are not accountable for &#8230; <a title=\"Haftungsausschluss\" class=\"read-more\" href=\"https:\/\/www.revancedapp.download\/de\/haftungsausschluss\/\" aria-label=\"Mehr dazu unter Disclaimer\">Weiterlesen<\/a><\/p>","protected":false},"author":1,"featured_media":0,"parent":0,"menu_order":0,"comment_status":"closed","ping_status":"closed","template":"","meta":{"footnotes":""},"class_list":["post-42","page","type-page","status-publish"],"yoast_head":"<!-- This site is optimized with the Yoast SEO plugin v26.3 - https:\/\/yoast.com\/wordpress\/plugins\/seo\/ -->\n<title>Disclaimer | ReVanced App<\/title>\n<meta name=\"robots\" content=\"index, follow, max-snippet:-1, max-image-preview:large, max-video-preview:-1\" \/>\n<link rel=\"canonical\" href=\"https:\/\/www.revancedapp.download\/de\/haftungsausschluss\/\" \/>\n<meta property=\"og:locale\" content=\"de_DE\" \/>\n<meta property=\"og:type\" content=\"article\" \/>\n<meta property=\"og:title\" content=\"Disclaimer | ReVanced App\" \/>\n<meta property=\"og:description\" content=\"We want to make it clear that we are not the official developers of the ReVanced App. The opinions, recommendations, and information shared on our blog website are solely based on our personal experience and research. We do not have any association with the creators of the ReVanced App, and we are not accountable for ... Weiterlesen\" \/>\n<meta property=\"og:url\" content=\"https:\/\/www.revancedapp.download\/de\/haftungsausschluss\/\" \/>\n<meta property=\"og:site_name\" content=\"ReVanced App\" \/>\n<meta property=\"article:modified_time\" content=\"2023-05-11T05:39:21+00:00\" \/>\n<meta property=\"og:image\" content=\"https:\/\/www.revancedapp.download\/wp-content\/uploads\/Download-Youtube-ReVanced.png\" \/>\n\t<meta property=\"og:image:width\" content=\"650\" \/>\n\t<meta property=\"og:image:height\" content=\"400\" \/>\n\t<meta property=\"og:image:type\" content=\"image\/png\" \/>\n<meta name=\"twitter:card\" content=\"summary_large_image\" \/>\n<meta name=\"twitter:label1\" content=\"Gesch\u00e4tzte Lesezeit\" \/>\n\t<meta name=\"twitter:data1\" content=\"1\u00a0Minute\" \/>\n<script type=\"application\/ld+json\" class=\"yoast-schema-graph\">{\"@context\":\"https:\/\/schema.org\",\"@graph\":[{\"@type\":\"WebPage\",\"@id\":\"https:\/\/www.revancedapp.download\/disclaimer\/\",\"url\":\"https:\/\/www.revancedapp.download\/disclaimer\/\",\"name\":\"Disclaimer | ReVanced App\",\"isPartOf\":{\"@id\":\"https:\/\/www.revancedapp.download\/#website\"},\"datePublished\":\"2023-05-11T05:39:19+00:00\",\"dateModified\":\"2023-05-11T05:39:21+00:00\",\"breadcrumb\":{\"@id\":\"https:\/\/www.revancedapp.download\/disclaimer\/#breadcrumb\"},\"inLanguage\":\"de\",\"potentialAction\":[{\"@type\":\"ReadAction\",\"target\":[\"https:\/\/www.revancedapp.download\/disclaimer\/\"]}]},{\"@type\":\"BreadcrumbList\",\"@id\":\"https:\/\/www.revancedapp.download\/disclaimer\/#breadcrumb\",\"itemListElement\":[{\"@type\":\"ListItem\",\"position\":1,\"name\":\"Home\",\"item\":\"https:\/\/www.revancedapp.download\/\"},{\"@type\":\"ListItem\",\"position\":2,\"name\":\"Disclaimer\"}]},{\"@type\":\"WebSite\",\"@id\":\"https:\/\/www.revancedapp.download\/#website\",\"url\":\"https:\/\/www.revancedapp.download\/\",\"name\":\"ReVanced App\",\"description\":\"Download ReVanced App right now!\",\"publisher\":{\"@id\":\"https:\/\/www.revancedapp.download\/#organization\"},\"alternateName\":\"YouTube ReVanced\",\"potentialAction\":[{\"@type\":\"SearchAction\",\"target\":{\"@type\":\"EntryPoint\",\"urlTemplate\":\"https:\/\/www.revancedapp.download\/?s={search_term_string}\"},\"query-input\":{\"@type\":\"PropertyValueSpecification\",\"valueRequired\":true,\"valueName\":\"search_term_string\"}}],\"inLanguage\":\"de\"},{\"@type\":\"Organization\",\"@id\":\"https:\/\/www.revancedapp.download\/#organization\",\"name\":\"ReVanced App\",\"alternateName\":\"YouTube ReVanced\",\"url\":\"https:\/\/www.revancedapp.download\/\",\"logo\":{\"@type\":\"ImageObject\",\"inLanguage\":\"de\",\"@id\":\"https:\/\/www.revancedapp.download\/#\/schema\/logo\/image\/\",\"url\":\"https:\/\/www.revancedapp.download\/wp-content\/uploads\/ReVanced-App-icon.png\",\"contentUrl\":\"https:\/\/www.revancedapp.download\/wp-content\/uploads\/ReVanced-App-icon.png\",\"width\":512,\"height\":512,\"caption\":\"ReVanced App\"},\"image\":{\"@id\":\"https:\/\/www.revancedapp.download\/#\/schema\/logo\/image\/\"}}]}<\/script>\n<!-- \/ Yoast SEO plugin. -->","yoast_head_json":{"title":"Haftungsausschluss | ReVanced App","robots":{"index":"index","follow":"follow","max-snippet":"max-snippet:-1","max-image-preview":"max-image-preview:large","max-video-preview":"max-video-preview:-1"},"canonical":"https:\/\/www.revancedapp.download\/de\/haftungsausschluss\/","og_locale":"de_DE","og_type":"article","og_title":"Disclaimer | ReVanced App","og_description":"We want to make it clear that we are not the official developers of the ReVanced App. The opinions, recommendations, and information shared on our blog website are solely based on our personal experience and research. We do not have any association with the creators of the ReVanced App, and we are not accountable for ... Weiterlesen","og_url":"https:\/\/www.revancedapp.download\/de\/haftungsausschluss\/","og_site_name":"ReVanced App","article_modified_time":"2023-05-11T05:39:21+00:00","og_image":[{"width":650,"height":400,"url":"https:\/\/www.revancedapp.download\/wp-content\/uploads\/Download-Youtube-ReVanced.png","type":"image\/png"}],"twitter_card":"summary_large_image","twitter_misc":{"Gesch\u00e4tzte Lesezeit":"1\u00a0Minute"},"schema":{"@context":"https:\/\/schema.org","@graph":[{"@type":"WebPage","@id":"https:\/\/www.revancedapp.download\/disclaimer\/","url":"https:\/\/www.revancedapp.download\/disclaimer\/","name":"Haftungsausschluss | ReVanced App","isPartOf":{"@id":"https:\/\/www.revancedapp.download\/#website"},"datePublished":"2023-05-11T05:39:19+00:00","dateModified":"2023-05-11T05:39:21+00:00","breadcrumb":{"@id":"https:\/\/www.revancedapp.download\/disclaimer\/#breadcrumb"},"inLanguage":"de","potentialAction":[{"@type":"ReadAction","target":["https:\/\/www.revancedapp.download\/disclaimer\/"]}]},{"@type":"BreadcrumbList","@id":"https:\/\/www.revancedapp.download\/disclaimer\/#breadcrumb","itemListElement":[{"@type":"ListItem","position":1,"name":"Home","item":"https:\/\/www.revancedapp.download\/"},{"@type":"ListItem","position":2,"name":"Disclaimer"}]},{"@type":"WebSite","@id":"https:\/\/www.revancedapp.download\/#website","url":"https:\/\/www.revancedapp.download\/","name":"ReVanced App","description":"ReVanced App jetzt herunterladen!","publisher":{"@id":"https:\/\/www.revancedapp.download\/#organization"},"alternateName":"YouTube ReVanced","potentialAction":[{"@type":"SearchAction","target":{"@type":"EntryPoint","urlTemplate":"https:\/\/www.revancedapp.download\/?s={search_term_string}"},"query-input":{"@type":"PropertyValueSpecification","valueRequired":true,"valueName":"search_term_string"}}],"inLanguage":"de"},{"@type":"Organization","@id":"https:\/\/www.revancedapp.download\/#organization","name":"ReVanced App","alternateName":"YouTube ReVanced","url":"https:\/\/www.revancedapp.download\/","logo":{"@type":"ImageObject","inLanguage":"de","@id":"https:\/\/www.revancedapp.download\/#\/schema\/logo\/image\/","url":"https:\/\/www.revancedapp.download\/wp-content\/uploads\/ReVanced-App-icon.png","contentUrl":"https:\/\/www.revancedapp.download\/wp-content\/uploads\/ReVanced-App-icon.png","width":512,"height":512,"caption":"ReVanced App"},"image":{"@id":"https:\/\/www.revancedapp.download\/#\/schema\/logo\/image\/"}}]}},"_links":{"self":[{"href":"https:\/\/www.revancedapp.download\/de\/wp-json\/wp\/v2\/pages\/42","targetHints":{"allow":["GET"]}}],"collection":[{"href":"https:\/\/www.revancedapp.download\/de\/wp-json\/wp\/v2\/pages"}],"about":[{"href":"https:\/\/www.revancedapp.download\/de\/wp-json\/wp\/v2\/types\/page"}],"author":[{"embeddable":true,"href":"https:\/\/www.revancedapp.download\/de\/wp-json\/wp\/v2\/users\/1"}],"replies":[{"embeddable":true,"href":"https:\/\/www.revancedapp.download\/de\/wp-json\/wp\/v2\/comments?post=42"}],"version-history":[{"count":1,"href":"https:\/\/www.revancedapp.download\/de\/wp-json\/wp\/v2\/pages\/42\/revisions"}],"predecessor-version":[{"id":43,"href":"https:\/\/www.revancedapp.download\/de\/wp-json\/wp\/v2\/pages\/42\/revisions\/43"}],"wp:attachment":[{"href":"https:\/\/www.revancedapp.download\/de\/wp-json\/wp\/v2\/media?parent=42"}],"curies":[{"name":"wp","href":"https:\/\/api.w.org\/{rel}","templated":true}]}}