{"id":44,"date":"2023-05-11T05:49:38","date_gmt":"2023-05-11T05:49:38","guid":{"rendered":"https:\/\/www.revancedapp.download\/?page_id=44"},"modified":"2023-05-11T13:05:23","modified_gmt":"2023-05-11T13:05:23","slug":"dmca","status":"publish","type":"page","link":"https:\/\/www.revancedapp.download\/de\/dmca\/","title":{"rendered":"DMCA"},"content":{"rendered":"<p><strong>DMCA<\/strong>: RevancedApp.download entspricht den Bestimmungen von 17 U.S.C. * 512 und dem Digital Millennium Copyright Act (<a href=\"https:\/\/en.wikipedia.org\/wiki\/Digital_Millennium_Copyright_Act\" target=\"_blank\" rel=\"noreferrer noopener nofollow\">DMCA<\/a>). Wir verfolgen eine Politik, die darauf abzielt, alle Hinweise auf Rechtsverletzungen zu bearbeiten und die erforderlichen Ma\u00dfnahmen zu ergreifen. Wenn Sie urheberrechtlich gesch\u00fctzte Inhalte auf unserer Website ver\u00f6ffentlicht haben und diese entfernen lassen m\u00f6chten, wenden Sie sich bitte an <a href=\"\/de\/kontaktieren-sie-uns\/\" target=\"_blank\" rel=\"noreferrer noopener\">Nehmen Sie Kontakt mit uns auf<\/a>.<\/p>","protected":false},"excerpt":{"rendered":"<p>DMCA: RevancedApp.download h\u00e4lt sich an 17 U.S.C. * 512 und den Digital Millennium Copyright Act (DMCA). Wir haben eine Politik der Adressierung jede Verletzung Mitteilungen und die notwendigen Ma\u00dfnahmen. Wenn ein urheberrechtlich gesch\u00fctzter Inhalt auf unserer Website ver\u00f6ffentlicht wird und Sie diesen entfernen lassen m\u00f6chten, setzen Sie sich bitte mit uns in Verbindung.<\/p>","protected":false},"author":1,"featured_media":0,"parent":0,"menu_order":0,"comment_status":"closed","ping_status":"closed","template":"","meta":{"footnotes":""},"class_list":["post-44","page","type-page","status-publish"],"yoast_head":"<!-- This site is optimized with the Yoast SEO plugin v26.3 - https:\/\/yoast.com\/wordpress\/plugins\/seo\/ -->\n<title>DMCA | ReVanced App<\/title>\n<meta name=\"robots\" content=\"index, follow, max-snippet:-1, max-image-preview:large, max-video-preview:-1\" \/>\n<link rel=\"canonical\" href=\"https:\/\/www.revancedapp.download\/de\/dmca\/\" \/>\n<meta property=\"og:locale\" content=\"de_DE\" \/>\n<meta property=\"og:type\" content=\"article\" \/>\n<meta property=\"og:title\" content=\"DMCA | ReVanced App\" \/>\n<meta property=\"og:description\" content=\"DMCA: RevancedApp.download complies with 17 U.S.C. * 512 and the Digital Millennium Copyright Act (DMCA). We have a policy of addressing any infringement notices and taking the necessary actions. If any of your copyrighted content is posted on our website and you wish to have it removed, please get in touch with us.\" \/>\n<meta property=\"og:url\" content=\"https:\/\/www.revancedapp.download\/de\/dmca\/\" \/>\n<meta property=\"og:site_name\" content=\"ReVanced App\" \/>\n<meta property=\"article:modified_time\" content=\"2023-05-11T13:05:23+00:00\" \/>\n<meta property=\"og:image\" content=\"https:\/\/www.revancedapp.download\/wp-content\/uploads\/Download-Youtube-ReVanced.png\" \/>\n\t<meta property=\"og:image:width\" content=\"650\" \/>\n\t<meta property=\"og:image:height\" content=\"400\" \/>\n\t<meta property=\"og:image:type\" content=\"image\/png\" \/>\n<meta name=\"twitter:card\" content=\"summary_large_image\" \/>\n<meta name=\"twitter:label1\" content=\"Gesch\u00e4tzte Lesezeit\" \/>\n\t<meta name=\"twitter:data1\" content=\"1\u00a0Minute\" \/>\n<script type=\"application\/ld+json\" class=\"yoast-schema-graph\">{\"@context\":\"https:\/\/schema.org\",\"@graph\":[{\"@type\":\"WebPage\",\"@id\":\"https:\/\/www.revancedapp.download\/dmca\/\",\"url\":\"https:\/\/www.revancedapp.download\/dmca\/\",\"name\":\"DMCA | ReVanced App\",\"isPartOf\":{\"@id\":\"https:\/\/www.revancedapp.download\/#website\"},\"datePublished\":\"2023-05-11T05:49:38+00:00\",\"dateModified\":\"2023-05-11T13:05:23+00:00\",\"breadcrumb\":{\"@id\":\"https:\/\/www.revancedapp.download\/dmca\/#breadcrumb\"},\"inLanguage\":\"de\",\"potentialAction\":[{\"@type\":\"ReadAction\",\"target\":[\"https:\/\/www.revancedapp.download\/dmca\/\"]}]},{\"@type\":\"BreadcrumbList\",\"@id\":\"https:\/\/www.revancedapp.download\/dmca\/#breadcrumb\",\"itemListElement\":[{\"@type\":\"ListItem\",\"position\":1,\"name\":\"Home\",\"item\":\"https:\/\/www.revancedapp.download\/\"},{\"@type\":\"ListItem\",\"position\":2,\"name\":\"DMCA\"}]},{\"@type\":\"WebSite\",\"@id\":\"https:\/\/www.revancedapp.download\/#website\",\"url\":\"https:\/\/www.revancedapp.download\/\",\"name\":\"ReVanced App\",\"description\":\"Download ReVanced App right now!\",\"publisher\":{\"@id\":\"https:\/\/www.revancedapp.download\/#organization\"},\"alternateName\":\"YouTube ReVanced\",\"potentialAction\":[{\"@type\":\"SearchAction\",\"target\":{\"@type\":\"EntryPoint\",\"urlTemplate\":\"https:\/\/www.revancedapp.download\/?s={search_term_string}\"},\"query-input\":{\"@type\":\"PropertyValueSpecification\",\"valueRequired\":true,\"valueName\":\"search_term_string\"}}],\"inLanguage\":\"de\"},{\"@type\":\"Organization\",\"@id\":\"https:\/\/www.revancedapp.download\/#organization\",\"name\":\"ReVanced App\",\"alternateName\":\"YouTube ReVanced\",\"url\":\"https:\/\/www.revancedapp.download\/\",\"logo\":{\"@type\":\"ImageObject\",\"inLanguage\":\"de\",\"@id\":\"https:\/\/www.revancedapp.download\/#\/schema\/logo\/image\/\",\"url\":\"https:\/\/www.revancedapp.download\/wp-content\/uploads\/ReVanced-App-icon.png\",\"contentUrl\":\"https:\/\/www.revancedapp.download\/wp-content\/uploads\/ReVanced-App-icon.png\",\"width\":512,\"height\":512,\"caption\":\"ReVanced App\"},\"image\":{\"@id\":\"https:\/\/www.revancedapp.download\/#\/schema\/logo\/image\/\"}}]}<\/script>\n<!-- \/ Yoast SEO plugin. -->","yoast_head_json":{"title":"DMCA | ReVanced App","robots":{"index":"index","follow":"follow","max-snippet":"max-snippet:-1","max-image-preview":"max-image-preview:large","max-video-preview":"max-video-preview:-1"},"canonical":"https:\/\/www.revancedapp.download\/de\/dmca\/","og_locale":"de_DE","og_type":"article","og_title":"DMCA | ReVanced App","og_description":"DMCA: RevancedApp.download complies with 17 U.S.C. * 512 and the Digital Millennium Copyright Act (DMCA). We have a policy of addressing any infringement notices and taking the necessary actions. If any of your copyrighted content is posted on our website and you wish to have it removed, please get in touch with us.","og_url":"https:\/\/www.revancedapp.download\/de\/dmca\/","og_site_name":"ReVanced App","article_modified_time":"2023-05-11T13:05:23+00:00","og_image":[{"width":650,"height":400,"url":"https:\/\/www.revancedapp.download\/wp-content\/uploads\/Download-Youtube-ReVanced.png","type":"image\/png"}],"twitter_card":"summary_large_image","twitter_misc":{"Gesch\u00e4tzte Lesezeit":"1\u00a0Minute"},"schema":{"@context":"https:\/\/schema.org","@graph":[{"@type":"WebPage","@id":"https:\/\/www.revancedapp.download\/dmca\/","url":"https:\/\/www.revancedapp.download\/dmca\/","name":"DMCA | ReVanced App","isPartOf":{"@id":"https:\/\/www.revancedapp.download\/#website"},"datePublished":"2023-05-11T05:49:38+00:00","dateModified":"2023-05-11T13:05:23+00:00","breadcrumb":{"@id":"https:\/\/www.revancedapp.download\/dmca\/#breadcrumb"},"inLanguage":"de","potentialAction":[{"@type":"ReadAction","target":["https:\/\/www.revancedapp.download\/dmca\/"]}]},{"@type":"BreadcrumbList","@id":"https:\/\/www.revancedapp.download\/dmca\/#breadcrumb","itemListElement":[{"@type":"ListItem","position":1,"name":"Home","item":"https:\/\/www.revancedapp.download\/"},{"@type":"ListItem","position":2,"name":"DMCA"}]},{"@type":"WebSite","@id":"https:\/\/www.revancedapp.download\/#website","url":"https:\/\/www.revancedapp.download\/","name":"ReVanced App","description":"ReVanced App jetzt herunterladen!","publisher":{"@id":"https:\/\/www.revancedapp.download\/#organization"},"alternateName":"YouTube ReVanced","potentialAction":[{"@type":"SearchAction","target":{"@type":"EntryPoint","urlTemplate":"https:\/\/www.revancedapp.download\/?s={search_term_string}"},"query-input":{"@type":"PropertyValueSpecification","valueRequired":true,"valueName":"search_term_string"}}],"inLanguage":"de"},{"@type":"Organization","@id":"https:\/\/www.revancedapp.download\/#organization","name":"ReVanced App","alternateName":"YouTube ReVanced","url":"https:\/\/www.revancedapp.download\/","logo":{"@type":"ImageObject","inLanguage":"de","@id":"https:\/\/www.revancedapp.download\/#\/schema\/logo\/image\/","url":"https:\/\/www.revancedapp.download\/wp-content\/uploads\/ReVanced-App-icon.png","contentUrl":"https:\/\/www.revancedapp.download\/wp-content\/uploads\/ReVanced-App-icon.png","width":512,"height":512,"caption":"ReVanced App"},"image":{"@id":"https:\/\/www.revancedapp.download\/#\/schema\/logo\/image\/"}}]}},"_links":{"self":[{"href":"https:\/\/www.revancedapp.download\/de\/wp-json\/wp\/v2\/pages\/44","targetHints":{"allow":["GET"]}}],"collection":[{"href":"https:\/\/www.revancedapp.download\/de\/wp-json\/wp\/v2\/pages"}],"about":[{"href":"https:\/\/www.revancedapp.download\/de\/wp-json\/wp\/v2\/types\/page"}],"author":[{"embeddable":true,"href":"https:\/\/www.revancedapp.download\/de\/wp-json\/wp\/v2\/users\/1"}],"replies":[{"embeddable":true,"href":"https:\/\/www.revancedapp.download\/de\/wp-json\/wp\/v2\/comments?post=44"}],"version-history":[{"count":2,"href":"https:\/\/www.revancedapp.download\/de\/wp-json\/wp\/v2\/pages\/44\/revisions"}],"predecessor-version":[{"id":79,"href":"https:\/\/www.revancedapp.download\/de\/wp-json\/wp\/v2\/pages\/44\/revisions\/79"}],"wp:attachment":[{"href":"https:\/\/www.revancedapp.download\/de\/wp-json\/wp\/v2\/media?parent=44"}],"curies":[{"name":"wp","href":"https:\/\/api.w.org\/{rel}","templated":true}]}}