{"id":67,"date":"2023-05-11T12:53:11","date_gmt":"2023-05-11T12:53:11","guid":{"rendered":"https:\/\/www.revancedapp.download\/?page_id=67"},"modified":"2023-05-11T13:00:27","modified_gmt":"2023-05-11T13:00:27","slug":"sobre-nosotras","status":"publish","type":"page","link":"https:\/\/www.revancedapp.download\/es\/sobre-nosotras\/","title":{"rendered":"Qui\u00e9nes somos"},"content":{"rendered":"<p>El sitio web <a href=\"\/es\/\">www.revancedapp.download<\/a> ofrece descargas apk y gu\u00edas sobre c\u00f3mo descargar e instalar la aplicaci\u00f3n ReVanced en Android, iOS y PC. Sin embargo, el sitio web no est\u00e1 afiliado a los desarrolladores oficiales de la aplicaci\u00f3n ReVanced. Por lo tanto, cualquier problema o error con la aplicaci\u00f3n debe dirigirse directamente a los desarrolladores. <\/p>\n\n\n\n<p>El sitio web tambi\u00e9n cuenta con un <a href=\"\/es\/politica-de-privacidad\/\" target=\"_blank\" rel=\"noreferrer noopener\">pol\u00edtica de privacidad<\/a> y <a href=\"\/es\/descargo-de-responsabilidad\/\" target=\"_blank\" rel=\"noreferrer noopener\">descargo de responsabilidad<\/a> que deben leerse antes de utilizar el sitio. <\/p>\n\n\n\n<p>Gracias por visitar nuestro sitio web.<\/p>","protected":false},"excerpt":{"rendered":"<p>The website www.revancedapp.download offers apk downloads and guides on how to download and install the ReVanced app on Android, iOS, and PC. However, the website is not affiliated with the official developers of the ReVanced app. Therefore, any issues or errors with the app should be addressed directly to the developers. The website also has &#8230; <a title=\"Qui\u00e9nes somos\" class=\"read-more\" href=\"https:\/\/www.revancedapp.download\/es\/sobre-nosotras\/\" aria-label=\"M\u00e1s en About Us\">Leer m\u00e1s<\/a><\/p>","protected":false},"author":1,"featured_media":59,"parent":0,"menu_order":0,"comment_status":"closed","ping_status":"closed","template":"","meta":{"footnotes":""},"class_list":["post-67","page","type-page","status-publish","has-post-thumbnail"],"yoast_head":"<!-- This site is optimized with the Yoast SEO plugin v26.3 - https:\/\/yoast.com\/wordpress\/plugins\/seo\/ -->\n<title>About Us | ReVanced App<\/title>\n<meta name=\"robots\" content=\"index, follow, max-snippet:-1, max-image-preview:large, max-video-preview:-1\" \/>\n<link rel=\"canonical\" href=\"https:\/\/www.revancedapp.download\/es\/sobre-nosotras\/\" \/>\n<meta property=\"og:locale\" content=\"es_ES\" \/>\n<meta property=\"og:type\" content=\"article\" \/>\n<meta property=\"og:title\" content=\"About Us | ReVanced App\" \/>\n<meta property=\"og:description\" content=\"The website www.revancedapp.download offers apk downloads and guides on how to download and install the ReVanced app on Android, iOS, and PC. However, the website is not affiliated with the official developers of the ReVanced app. Therefore, any issues or errors with the app should be addressed directly to the developers. The website also has ... Leer m\u00e1s\" \/>\n<meta property=\"og:url\" content=\"https:\/\/www.revancedapp.download\/es\/sobre-nosotras\/\" \/>\n<meta property=\"og:site_name\" content=\"ReVanced App\" \/>\n<meta property=\"article:modified_time\" content=\"2023-05-11T13:00:27+00:00\" \/>\n<meta property=\"og:image\" content=\"https:\/\/www.revancedapp.download\/wp-content\/uploads\/Download-Youtube-ReVanced.png\" \/>\n\t<meta property=\"og:image:width\" content=\"650\" \/>\n\t<meta property=\"og:image:height\" content=\"400\" \/>\n\t<meta property=\"og:image:type\" content=\"image\/png\" \/>\n<meta name=\"twitter:card\" content=\"summary_large_image\" \/>\n<meta name=\"twitter:label1\" content=\"Tiempo de lectura\" \/>\n\t<meta name=\"twitter:data1\" content=\"1 minuto\" \/>\n<script type=\"application\/ld+json\" class=\"yoast-schema-graph\">{\"@context\":\"https:\/\/schema.org\",\"@graph\":[{\"@type\":\"WebPage\",\"@id\":\"https:\/\/www.revancedapp.download\/about-us\/\",\"url\":\"https:\/\/www.revancedapp.download\/about-us\/\",\"name\":\"About Us | ReVanced App\",\"isPartOf\":{\"@id\":\"https:\/\/www.revancedapp.download\/#website\"},\"primaryImageOfPage\":{\"@id\":\"https:\/\/www.revancedapp.download\/about-us\/#primaryimage\"},\"image\":{\"@id\":\"https:\/\/www.revancedapp.download\/about-us\/#primaryimage\"},\"thumbnailUrl\":\"https:\/\/www.revancedapp.download\/wp-content\/uploads\/Download-Youtube-ReVanced.png\",\"datePublished\":\"2023-05-11T12:53:11+00:00\",\"dateModified\":\"2023-05-11T13:00:27+00:00\",\"breadcrumb\":{\"@id\":\"https:\/\/www.revancedapp.download\/about-us\/#breadcrumb\"},\"inLanguage\":\"es\",\"potentialAction\":[{\"@type\":\"ReadAction\",\"target\":[\"https:\/\/www.revancedapp.download\/about-us\/\"]}]},{\"@type\":\"ImageObject\",\"inLanguage\":\"es\",\"@id\":\"https:\/\/www.revancedapp.download\/about-us\/#primaryimage\",\"url\":\"https:\/\/www.revancedapp.download\/wp-content\/uploads\/Download-Youtube-ReVanced.png\",\"contentUrl\":\"https:\/\/www.revancedapp.download\/wp-content\/uploads\/Download-Youtube-ReVanced.png\",\"width\":650,\"height\":400,\"caption\":\"Download Youtube ReVanced\"},{\"@type\":\"BreadcrumbList\",\"@id\":\"https:\/\/www.revancedapp.download\/about-us\/#breadcrumb\",\"itemListElement\":[{\"@type\":\"ListItem\",\"position\":1,\"name\":\"Home\",\"item\":\"https:\/\/www.revancedapp.download\/\"},{\"@type\":\"ListItem\",\"position\":2,\"name\":\"About Us\"}]},{\"@type\":\"WebSite\",\"@id\":\"https:\/\/www.revancedapp.download\/#website\",\"url\":\"https:\/\/www.revancedapp.download\/\",\"name\":\"ReVanced App\",\"description\":\"Download ReVanced App right now!\",\"publisher\":{\"@id\":\"https:\/\/www.revancedapp.download\/#organization\"},\"alternateName\":\"YouTube ReVanced\",\"potentialAction\":[{\"@type\":\"SearchAction\",\"target\":{\"@type\":\"EntryPoint\",\"urlTemplate\":\"https:\/\/www.revancedapp.download\/?s={search_term_string}\"},\"query-input\":{\"@type\":\"PropertyValueSpecification\",\"valueRequired\":true,\"valueName\":\"search_term_string\"}}],\"inLanguage\":\"es\"},{\"@type\":\"Organization\",\"@id\":\"https:\/\/www.revancedapp.download\/#organization\",\"name\":\"ReVanced App\",\"alternateName\":\"YouTube ReVanced\",\"url\":\"https:\/\/www.revancedapp.download\/\",\"logo\":{\"@type\":\"ImageObject\",\"inLanguage\":\"es\",\"@id\":\"https:\/\/www.revancedapp.download\/#\/schema\/logo\/image\/\",\"url\":\"https:\/\/www.revancedapp.download\/wp-content\/uploads\/ReVanced-App-icon.png\",\"contentUrl\":\"https:\/\/www.revancedapp.download\/wp-content\/uploads\/ReVanced-App-icon.png\",\"width\":512,\"height\":512,\"caption\":\"ReVanced App\"},\"image\":{\"@id\":\"https:\/\/www.revancedapp.download\/#\/schema\/logo\/image\/\"}}]}<\/script>\n<!-- \/ Yoast SEO plugin. -->","yoast_head_json":{"title":"Sobre nosotros | ReVanced App","robots":{"index":"index","follow":"follow","max-snippet":"max-snippet:-1","max-image-preview":"max-image-preview:large","max-video-preview":"max-video-preview:-1"},"canonical":"https:\/\/www.revancedapp.download\/es\/sobre-nosotras\/","og_locale":"es_ES","og_type":"article","og_title":"About Us | ReVanced App","og_description":"The website www.revancedapp.download offers apk downloads and guides on how to download and install the ReVanced app on Android, iOS, and PC. However, the website is not affiliated with the official developers of the ReVanced app. Therefore, any issues or errors with the app should be addressed directly to the developers. The website also has ... Leer m\u00e1s","og_url":"https:\/\/www.revancedapp.download\/es\/sobre-nosotras\/","og_site_name":"ReVanced App","article_modified_time":"2023-05-11T13:00:27+00:00","og_image":[{"width":650,"height":400,"url":"https:\/\/www.revancedapp.download\/wp-content\/uploads\/Download-Youtube-ReVanced.png","type":"image\/png"}],"twitter_card":"summary_large_image","twitter_misc":{"Tiempo de lectura":"1 minuto"},"schema":{"@context":"https:\/\/schema.org","@graph":[{"@type":"WebPage","@id":"https:\/\/www.revancedapp.download\/about-us\/","url":"https:\/\/www.revancedapp.download\/about-us\/","name":"Sobre nosotros | ReVanced App","isPartOf":{"@id":"https:\/\/www.revancedapp.download\/#website"},"primaryImageOfPage":{"@id":"https:\/\/www.revancedapp.download\/about-us\/#primaryimage"},"image":{"@id":"https:\/\/www.revancedapp.download\/about-us\/#primaryimage"},"thumbnailUrl":"https:\/\/www.revancedapp.download\/wp-content\/uploads\/Download-Youtube-ReVanced.png","datePublished":"2023-05-11T12:53:11+00:00","dateModified":"2023-05-11T13:00:27+00:00","breadcrumb":{"@id":"https:\/\/www.revancedapp.download\/about-us\/#breadcrumb"},"inLanguage":"es","potentialAction":[{"@type":"ReadAction","target":["https:\/\/www.revancedapp.download\/about-us\/"]}]},{"@type":"ImageObject","inLanguage":"es","@id":"https:\/\/www.revancedapp.download\/about-us\/#primaryimage","url":"https:\/\/www.revancedapp.download\/wp-content\/uploads\/Download-Youtube-ReVanced.png","contentUrl":"https:\/\/www.revancedapp.download\/wp-content\/uploads\/Download-Youtube-ReVanced.png","width":650,"height":400,"caption":"Download Youtube ReVanced"},{"@type":"BreadcrumbList","@id":"https:\/\/www.revancedapp.download\/about-us\/#breadcrumb","itemListElement":[{"@type":"ListItem","position":1,"name":"Home","item":"https:\/\/www.revancedapp.download\/"},{"@type":"ListItem","position":2,"name":"About Us"}]},{"@type":"WebSite","@id":"https:\/\/www.revancedapp.download\/#website","url":"https:\/\/www.revancedapp.download\/","name":"Aplicaci\u00f3n ReVanced","description":"\u00a1Descarga ReVanced App ahora mismo!","publisher":{"@id":"https:\/\/www.revancedapp.download\/#organization"},"alternateName":"YouTube ReVanced","potentialAction":[{"@type":"SearchAction","target":{"@type":"EntryPoint","urlTemplate":"https:\/\/www.revancedapp.download\/?s={search_term_string}"},"query-input":{"@type":"PropertyValueSpecification","valueRequired":true,"valueName":"search_term_string"}}],"inLanguage":"es"},{"@type":"Organization","@id":"https:\/\/www.revancedapp.download\/#organization","name":"Aplicaci\u00f3n ReVanced","alternateName":"YouTube ReVanced","url":"https:\/\/www.revancedapp.download\/","logo":{"@type":"ImageObject","inLanguage":"es","@id":"https:\/\/www.revancedapp.download\/#\/schema\/logo\/image\/","url":"https:\/\/www.revancedapp.download\/wp-content\/uploads\/ReVanced-App-icon.png","contentUrl":"https:\/\/www.revancedapp.download\/wp-content\/uploads\/ReVanced-App-icon.png","width":512,"height":512,"caption":"ReVanced App"},"image":{"@id":"https:\/\/www.revancedapp.download\/#\/schema\/logo\/image\/"}}]}},"_links":{"self":[{"href":"https:\/\/www.revancedapp.download\/es\/wp-json\/wp\/v2\/pages\/67","targetHints":{"allow":["GET"]}}],"collection":[{"href":"https:\/\/www.revancedapp.download\/es\/wp-json\/wp\/v2\/pages"}],"about":[{"href":"https:\/\/www.revancedapp.download\/es\/wp-json\/wp\/v2\/types\/page"}],"author":[{"embeddable":true,"href":"https:\/\/www.revancedapp.download\/es\/wp-json\/wp\/v2\/users\/1"}],"replies":[{"embeddable":true,"href":"https:\/\/www.revancedapp.download\/es\/wp-json\/wp\/v2\/comments?post=67"}],"version-history":[{"count":2,"href":"https:\/\/www.revancedapp.download\/es\/wp-json\/wp\/v2\/pages\/67\/revisions"}],"predecessor-version":[{"id":73,"href":"https:\/\/www.revancedapp.download\/es\/wp-json\/wp\/v2\/pages\/67\/revisions\/73"}],"wp:featuredmedia":[{"embeddable":true,"href":"https:\/\/www.revancedapp.download\/es\/wp-json\/wp\/v2\/media\/59"}],"wp:attachment":[{"href":"https:\/\/www.revancedapp.download\/es\/wp-json\/wp\/v2\/media?parent=67"}],"curies":[{"name":"wp","href":"https:\/\/api.w.org\/{rel}","templated":true}]}}