{"id":53,"date":"2023-05-11T12:24:29","date_gmt":"2023-05-11T12:24:29","guid":{"rendered":"https:\/\/www.revancedapp.download\/?page_id=53"},"modified":"2024-06-16T13:56:44","modified_gmt":"2024-06-16T13:56:44","slug":"microg-revanced","status":"publish","type":"page","link":"https:\/\/www.revancedapp.download\/it\/microg-revanced\/","title":{"rendered":"ReVanced MicroG Download APK v0.3.1.4.240913"},"content":{"rendered":"<p>Se si desidera installare il file <a href=\"\/it\/\">Youtube rinnovato<\/a> sul telefono Android, \u00e8 necessario installare ReVanced MicroG.<\/p>\n\n\n<div class=\"wp-block-image\">\n<figure class=\"aligncenter size-full is-resized\"><img decoding=\"async\" width=\"650\" height=\"400\" src=\"https:\/\/www.revancedapp.download\/wp-content\/uploads\/ReVanced-MicroG.png\" alt=\"MicroG riVanZiato\" class=\"wp-image-54\" style=\"width:514px;height:316px\"\/><figcaption class=\"wp-element-caption\">MicroG riVanZiato<\/figcaption><\/figure>\n<\/div>\n\n\n<figure class=\"wp-block-table\"><table><thead><tr><th><strong>Nome dell'applicazione<\/strong><\/th><th><strong>MicroG riVanZiato<\/strong><\/th><\/tr><\/thead><tbody><tr><td><strong>Dimensione<\/strong><\/td><td>37,9 MB<\/td><\/tr><tr><td><strong>Versione<\/strong><\/td><td>v0.3.1.4.240913<\/td><\/tr><tr><td><strong>Sviluppatore<\/strong><\/td><td>Team ReVanced<\/td><\/tr><tr><td><strong>Aggiornato il<\/strong><\/td><td>Giugno 2024<\/td><\/tr><\/tbody><\/table><\/figure>\n\n\n\n<p class=\"has-text-align-center\" id=\"download_apk\"><a href=\"https:\/\/github.com\/ayaanahad\/microg\/releases\/download\/download\/v0.3.1.4.240913.apk\" class=\"btn\" rel=\"nofollow noopener noreferrer\"><i class=\"fa fa-download\"><\/i> Scaricare MicroG<\/a><\/p>\n\n\n\n<hr class=\"wp-block-separator has-alpha-channel-opacity\"\/>\n\n\n\n<div id=\"ez-toc-container\" class=\"ez-toc-v2_0_77 counter-hierarchy ez-toc-counter ez-toc-grey ez-toc-container-direction\">\n<div class=\"ez-toc-title-container\">\n<p class=\"ez-toc-title\" style=\"cursor:inherit\">Indice dei contenuti<\/p>\n<span class=\"ez-toc-title-toggle\"><a href=\"#\" class=\"ez-toc-pull-right ez-toc-btn ez-toc-btn-xs ez-toc-btn-default ez-toc-toggle\" aria-label=\"Allinea la tabella dei contenuti\"><span class=\"ez-toc-js-icon-con\"><span class=\"\"><span class=\"eztoc-hide\" style=\"display:none;\">Toggle<\/span><span class=\"ez-toc-icon-toggle-span\"><svg style=\"fill: #999;color:#999\" xmlns=\"http:\/\/www.w3.org\/2000\/svg\" class=\"list-377408\" width=\"20px\" height=\"20px\" viewbox=\"0 0 24 24\" fill=\"none\"><path d=\"M6 6H4v2h2V6zm14 0H8v2h12V6zM4 11h2v2H4v-2zm16 0H8v2h12v-2zM4 16h2v2H4v-2zm16 0H8v2h12v-2z\" fill=\"currentColor\"><\/path><\/svg><svg style=\"fill: #999;color:#999\" class=\"arrow-unsorted-368013\" xmlns=\"http:\/\/www.w3.org\/2000\/svg\" width=\"10px\" height=\"10px\" viewbox=\"0 0 24 24\" version=\"1.2\" baseprofile=\"tiny\"><path d=\"M18.2 9.3l-6.2-6.3-6.2 6.3c-.2.2-.3.4-.3.7s.1.5.3.7c.2.2.4.3.7.3h11c.3 0 .5-.1.7-.3.2-.2.3-.5.3-.7s-.1-.5-.3-.7zM5.8 14.7l6.2 6.3 6.2-6.3c.2-.2.3-.5.3-.7s-.1-.5-.3-.7c-.2-.2-.4-.3-.7-.3h-11c-.3 0-.5.1-.7.3-.2.2-.3.5-.3.7s.1.5.3.7z\"\/><\/svg><\/span><\/span><\/span><\/a><\/span><\/div>\n<nav><ul class='ez-toc-list ez-toc-list-level-1 eztoc-toggle-hide-by-default' ><li class='ez-toc-page-1 ez-toc-heading-level-2'><a class=\"ez-toc-link ez-toc-heading-1\" href=\"https:\/\/www.revancedapp.download\/it\/microg-revanced\/#What_is_ReVanced_MicroG\" >Che cos'\u00e8 ReVanced MicroG?<\/a><\/li><li class='ez-toc-page-1 ez-toc-heading-level-2'><a class=\"ez-toc-link ez-toc-heading-2\" href=\"https:\/\/www.revancedapp.download\/it\/microg-revanced\/#Key_Features_of_ReVanced_MicroG\" >Caratteristiche principali di ReVanced MicroG<\/a><\/li><li class='ez-toc-page-1 ez-toc-heading-level-2'><a class=\"ez-toc-link ez-toc-heading-3\" href=\"https:\/\/www.revancedapp.download\/it\/microg-revanced\/#How_to_Download_and_Install_ReVanced_MicroG_on_Android\" >Come scaricare e installare ReVanced MicroG su Android?<\/a><\/li><li class='ez-toc-page-1 ez-toc-heading-level-2'><a class=\"ez-toc-link ez-toc-heading-4\" href=\"https:\/\/www.revancedapp.download\/it\/microg-revanced\/#FAQs\" >Domande frequenti<\/a><\/li><li class='ez-toc-page-1 ez-toc-heading-level-2'><a class=\"ez-toc-link ez-toc-heading-5\" href=\"https:\/\/www.revancedapp.download\/it\/microg-revanced\/#Conclusion\" >Conclusione<\/a><\/li><\/ul><\/nav><\/div>\n<h2 class=\"wp-block-heading\"><span class=\"ez-toc-section\" id=\"What_is_ReVanced_MicroG\"><\/span><strong>Che cos'\u00e8 ReVanced MicroG?<\/strong><span class=\"ez-toc-section-end\"><\/span><\/h2>\n\n\n\n<p>Il <a href=\"\/it\/microg-revanced\/\">Vanced MicroG<\/a> \u00e8 una versione modificata dell'applicazione <a href=\"https:\/\/microg.org\/\" target=\"_blank\" rel=\"noreferrer noopener nofollow\">Progetto MicroG<\/a>che funge da sostituto open-source di Google Play Services. La sua funzione principale \u00e8 quella di supportare l'app ReVanced, un client YouTube di terze parti molto utilizzato che offre funzioni esclusive non presenti nell'app ufficiale di YouTube, tra cui il blocco degli annunci e la riproduzione in background.<\/p>\n\n\n\n<p>Per utilizzare l'app YouTube ReVanced su dispositivi non rootati, l'app Vanced MicroG \u00e8 essenziale. Essa fornisce il framework dell'account Google e le librerie API necessarie per il corretto funzionamento dell'app ReVanced. Fondamentalmente, questa applicazione viene utilizzata per fornire le funzioni pi\u00f9 necessarie al client del sistema operativo Android di Google, come l'accesso all'account Gmail.<\/p>\n\n\n\n<h2 class=\"wp-block-heading\"><span class=\"ez-toc-section\" id=\"Key_Features_of_ReVanced_MicroG\"><\/span><strong>Caratteristiche principali di ReVanced MicroG<\/strong><span class=\"ez-toc-section-end\"><\/span><\/h2>\n\n\n\n<p><strong>Integrazione dell'account Google<\/strong><\/p>\n\n\n\n<p>\u00c8 possibile accedere al proprio account Google mentre si utilizzano prodotti Vanced come YouTube e YouTube Music.<\/p>\n\n\n\n<p><strong>Registrazione del dispositivo Google<\/strong><\/p>\n\n\n\n<p>ReVanced MicroG facilita la registrazione del dispositivo ai servizi di Google e genera un identificatore unico per il dispositivo.<\/p>\n\n\n\n<p><strong>Messaggistica in cloud<\/strong><\/p>\n\n\n\n<p>Questa funzione consente di ricevere notifiche push da YouTube ReVanced e YouTube ReVanced Music, utilizzando Cloud Messaging, un popolare fornitore di notifiche push utilizzato da molte applicazioni di terze parti.<\/p>\n\n\n\n<p><strong>Attestazione Google SafetyNet<\/strong><\/p>\n\n\n\n<h2 class=\"wp-block-heading\"><span class=\"ez-toc-section\" id=\"How_to_Download_and_Install_ReVanced_MicroG_on_Android\"><\/span><strong>Come scaricare e installare ReVanced MicroG su Android?<\/strong><span class=\"ez-toc-section-end\"><\/span><\/h2>\n\n\n\n<p>Ecco i passaggi per scaricare e installare Vanced MicroG sul vostro dispositivo Android:<\/p>\n\n\n\n<ol class=\"wp-block-list\">\n<li>Scaricate l'ultima versione dell'APK di ReVanced MicroG da qui sopra.<\/li>\n\n\n\n<li>Una volta completato il download, accedere alle Impostazioni del dispositivo e consentire l'accesso al programma Android \"<strong>Fonti sconosciute<\/strong>\". In questo modo \u00e8 possibile installare applicazioni da fonti diverse dal Google Play Store.<\/li>\n\n\n\n<li>A questo punto, aprite il file APK di MicroG scaricato dalla cartella Download del vostro dispositivo o dall'ombra di notifica.<\/li>\n\n\n\n<li>Toccare il pulsante \"<strong>Installare<\/strong>\" per avviare il processo di installazione. <\/li>\n\n\n\n<li>Attendere il completamento dell'installazione. L'operazione potrebbe richiedere alcuni minuti.<\/li>\n\n\n\n<li>Una volta completata l'installazione, verr\u00e0 visualizzata una notifica che dice \"<strong>App installata<\/strong>&#8220;. <img decoding=\"async\" width=\"360\" height=\"800\" class=\"wp-image-33\" style=\"\" src=\"https:\/\/www.revancedapp.download\/wp-content\/uploads\/Install-MicroG.png\" alt=\"Installare MicroG\"><\/li>\n\n\n\n<li>\u00c8 ora possibile scaricare e installare il programma <a href=\"\/it\/\">ReYouTube Vanced<\/a> app. Aprite l'app ReVanced e dovrebbe funzionare perfettamente.<\/li>\n<\/ol>\n\n\n\n<h2 class=\"wp-block-heading\"><span class=\"ez-toc-section\" id=\"FAQs\"><\/span><strong>Domande frequenti<\/strong><span class=\"ez-toc-section-end\"><\/span><\/h2>\n\n\n\n<div class=\"schema-faq wp-block-yoast-faq-block\"><div class=\"schema-faq-section\" id=\"faq-question-1683807218807\"><strong class=\"schema-faq-question\"><strong>Che cos'\u00e8 ReVanced MicroG e perch\u00e9 \u00e8 necessario per ReVanced?<\/strong><\/strong> <p class=\"schema-faq-answer\">ReVanced MicroG \u00e8 una piccola applicazione che fornisce il framework Google Play Services necessario per il corretto funzionamento dell'applicazione YouTube moddata ReVanced. \u00c8 necessaria perch\u00e9 ReVanced \u00e8 una versione modificata dell'app ufficiale di YouTube che richiede una versione modificata del framework Google Play Services, non disponibile sul Google Play Store.<\/p> <\/div> <div class=\"schema-faq-section\" id=\"faq-question-1683807360470\"><strong class=\"schema-faq-question\"><strong>Posso usare ReVanced senza MicroG?<\/strong><\/strong> <p class=\"schema-faq-answer\">No, non \u00e8 possibile utilizzare ReVanced senza MicroG. ReVanced richiede MicroG per funzionare correttamente.<\/p> <\/div> <div class=\"schema-faq-section\" id=\"faq-question-1683807387649\"><strong class=\"schema-faq-question\"><strong>Vanced MicroG \u00e8 sicuro da usare?<\/strong><\/strong> <p class=\"schema-faq-answer\">S\u00ec, Vanced MicroG \u00e8 sicuro da usare. \u00c8 stata sviluppata da inotia00, noto per la creazione di mod sicure e affidabili per l'app YouTube.<\/p> <\/div> <div class=\"schema-faq-section\" id=\"faq-question-1683807454563\"><strong class=\"schema-faq-question\"><strong>L'uso di ReVanced e ReVanced MicroG comporta dei rischi?<\/strong><\/strong> <p class=\"schema-faq-answer\">Come per ogni app moddata, l'uso di ReVanced e ReVanced MicroG comporta sempre dei rischi. Tuttavia, il team di ReVanced \u00e8 noto per la creazione di mod sicure e affidabili dell'app YouTube e non sono stati segnalati problemi con le app ReVanced e ReVanced MicroG. Tuttavia, \u00e8 sempre una buona idea usare cautela quando si scaricano e installano applicazioni da fonti diverse dal Google Play Store.<\/p> <\/div> <\/div>\n\n\n\n<h2 class=\"wp-block-heading\"><span class=\"ez-toc-section\" id=\"Conclusion\"><\/span><strong>Conclusione<\/strong><span class=\"ez-toc-section-end\"><\/span><\/h2>\n\n\n\n<p>ReVanced MicroG \u00e8 un componente essenziale della popolare app YouTube moddata ReVanced. Fornisce il necessario framework di Google Play Services che permette a ReVanced di funzionare correttamente e offre diversi vantaggi chiave, tra cui il blocco degli annunci, la riproduzione in background e la modalit\u00e0 picture-in-picture.<\/p>","protected":false},"excerpt":{"rendered":"<p>If you want to install the Youtube ReVanced app on your Android phone, then it is necessary to install the ReVanced MicroG. App Name ReVanced MicroG Size 37.9 MB Version v0.3.1.4.240913 Developer ReVanced Team Updated on June, 2024 Download MicroG What is ReVanced MicroG? The Vanced MicroG app is a modified version of the MicroG &#8230; <a title=\"ReVanced MicroG Download APK v0.3.1.4.240913\" class=\"read-more\" href=\"https:\/\/www.revancedapp.download\/it\/microg-revanced\/\" aria-label=\"Leggi di pi\u00f9 su ReVanced MicroG APK Download v0.3.1.4.240913\">Leggi tutto<\/a><\/p>","protected":false},"author":1,"featured_media":54,"parent":0,"menu_order":0,"comment_status":"closed","ping_status":"closed","template":"","meta":{"footnotes":""},"class_list":["post-53","page","type-page","status-publish","has-post-thumbnail"],"yoast_head":"<!-- This site is optimized with the Yoast SEO plugin v26.3 - https:\/\/yoast.com\/wordpress\/plugins\/seo\/ -->\n<title>ReVanced MicroG APK Download v0.3.1.4.240913<\/title>\n<meta name=\"description\" content=\"If you want to install the Youtube ReVanced app on your Android phone, then it is necessary to install the ReVanced MicroG.\" \/>\n<meta name=\"robots\" content=\"index, follow, max-snippet:-1, max-image-preview:large, max-video-preview:-1\" \/>\n<link rel=\"canonical\" href=\"https:\/\/www.revancedapp.download\/it\/microg-revanced\/\" \/>\n<meta property=\"og:locale\" content=\"it_IT\" \/>\n<meta property=\"og:type\" content=\"article\" \/>\n<meta property=\"og:title\" content=\"ReVanced MicroG APK Download v0.3.1.4.240913\" \/>\n<meta property=\"og:description\" content=\"If you want to install the Youtube ReVanced app on your Android phone, then it is necessary to install the ReVanced MicroG.\" \/>\n<meta property=\"og:url\" content=\"https:\/\/www.revancedapp.download\/it\/microg-revanced\/\" \/>\n<meta property=\"og:site_name\" content=\"ReVanced App\" \/>\n<meta property=\"article:modified_time\" content=\"2024-06-16T13:56:44+00:00\" \/>\n<meta property=\"og:image\" content=\"https:\/\/www.revancedapp.download\/wp-content\/uploads\/ReVanced-MicroG.png\" \/>\n\t<meta property=\"og:image:width\" content=\"650\" \/>\n\t<meta property=\"og:image:height\" content=\"400\" \/>\n\t<meta property=\"og:image:type\" content=\"image\/png\" \/>\n<meta name=\"twitter:card\" content=\"summary_large_image\" \/>\n<meta name=\"twitter:label1\" content=\"Tempo di lettura stimato\" \/>\n\t<meta name=\"twitter:data1\" content=\"4 minuti\" \/>\n<script type=\"application\/ld+json\" class=\"yoast-schema-graph\">{\"@context\":\"https:\/\/schema.org\",\"@graph\":[{\"@type\":[\"WebPage\",\"FAQPage\"],\"@id\":\"https:\/\/www.revancedapp.download\/revanced-microg\/\",\"url\":\"https:\/\/www.revancedapp.download\/revanced-microg\/\",\"name\":\"ReVanced MicroG APK Download v0.3.1.4.240913\",\"isPartOf\":{\"@id\":\"https:\/\/www.revancedapp.download\/#website\"},\"primaryImageOfPage\":{\"@id\":\"https:\/\/www.revancedapp.download\/revanced-microg\/#primaryimage\"},\"image\":{\"@id\":\"https:\/\/www.revancedapp.download\/revanced-microg\/#primaryimage\"},\"thumbnailUrl\":\"https:\/\/www.revancedapp.download\/wp-content\/uploads\/ReVanced-MicroG.png\",\"datePublished\":\"2023-05-11T12:24:29+00:00\",\"dateModified\":\"2024-06-16T13:56:44+00:00\",\"description\":\"If you want to install the Youtube ReVanced app on your Android phone, then it is necessary to install the ReVanced MicroG.\",\"breadcrumb\":{\"@id\":\"https:\/\/www.revancedapp.download\/revanced-microg\/#breadcrumb\"},\"mainEntity\":[{\"@id\":\"https:\/\/www.revancedapp.download\/revanced-microg\/#faq-question-1683807218807\"},{\"@id\":\"https:\/\/www.revancedapp.download\/revanced-microg\/#faq-question-1683807360470\"},{\"@id\":\"https:\/\/www.revancedapp.download\/revanced-microg\/#faq-question-1683807387649\"},{\"@id\":\"https:\/\/www.revancedapp.download\/revanced-microg\/#faq-question-1683807454563\"}],\"inLanguage\":\"it-IT\",\"potentialAction\":[{\"@type\":\"ReadAction\",\"target\":[\"https:\/\/www.revancedapp.download\/revanced-microg\/\"]}]},{\"@type\":\"ImageObject\",\"inLanguage\":\"it-IT\",\"@id\":\"https:\/\/www.revancedapp.download\/revanced-microg\/#primaryimage\",\"url\":\"https:\/\/www.revancedapp.download\/wp-content\/uploads\/ReVanced-MicroG.png\",\"contentUrl\":\"https:\/\/www.revancedapp.download\/wp-content\/uploads\/ReVanced-MicroG.png\",\"width\":650,\"height\":400,\"caption\":\"ReVanced MicroG\"},{\"@type\":\"BreadcrumbList\",\"@id\":\"https:\/\/www.revancedapp.download\/revanced-microg\/#breadcrumb\",\"itemListElement\":[{\"@type\":\"ListItem\",\"position\":1,\"name\":\"Home\",\"item\":\"https:\/\/www.revancedapp.download\/\"},{\"@type\":\"ListItem\",\"position\":2,\"name\":\"ReVanced MicroG APK Download v0.3.1.4.240913\"}]},{\"@type\":\"WebSite\",\"@id\":\"https:\/\/www.revancedapp.download\/#website\",\"url\":\"https:\/\/www.revancedapp.download\/\",\"name\":\"ReVanced App\",\"description\":\"Download ReVanced App right now!\",\"publisher\":{\"@id\":\"https:\/\/www.revancedapp.download\/#organization\"},\"alternateName\":\"YouTube ReVanced\",\"potentialAction\":[{\"@type\":\"SearchAction\",\"target\":{\"@type\":\"EntryPoint\",\"urlTemplate\":\"https:\/\/www.revancedapp.download\/?s={search_term_string}\"},\"query-input\":{\"@type\":\"PropertyValueSpecification\",\"valueRequired\":true,\"valueName\":\"search_term_string\"}}],\"inLanguage\":\"it-IT\"},{\"@type\":\"Organization\",\"@id\":\"https:\/\/www.revancedapp.download\/#organization\",\"name\":\"ReVanced App\",\"alternateName\":\"YouTube ReVanced\",\"url\":\"https:\/\/www.revancedapp.download\/\",\"logo\":{\"@type\":\"ImageObject\",\"inLanguage\":\"it-IT\",\"@id\":\"https:\/\/www.revancedapp.download\/#\/schema\/logo\/image\/\",\"url\":\"https:\/\/www.revancedapp.download\/wp-content\/uploads\/ReVanced-App-icon.png\",\"contentUrl\":\"https:\/\/www.revancedapp.download\/wp-content\/uploads\/ReVanced-App-icon.png\",\"width\":512,\"height\":512,\"caption\":\"ReVanced App\"},\"image\":{\"@id\":\"https:\/\/www.revancedapp.download\/#\/schema\/logo\/image\/\"}},{\"@type\":\"Question\",\"@id\":\"https:\/\/www.revancedapp.download\/revanced-microg\/#faq-question-1683807218807\",\"position\":1,\"url\":\"https:\/\/www.revancedapp.download\/revanced-microg\/#faq-question-1683807218807\",\"name\":\"What is ReVanced MicroG, and why is it necessary for ReVanced?\",\"answerCount\":1,\"acceptedAnswer\":{\"@type\":\"Answer\",\"text\":\"ReVanced MicroG is a small app that provides the necessary Google Play Services framework for the ReVanced modded YouTube app to function properly. It's necessary because ReVanced is a modified version of the official YouTube app that requires a modified version of the Google Play Services framework that is not available through the Google Play Store.\",\"inLanguage\":\"it-IT\"},\"inLanguage\":\"it-IT\"},{\"@type\":\"Question\",\"@id\":\"https:\/\/www.revancedapp.download\/revanced-microg\/#faq-question-1683807360470\",\"position\":2,\"url\":\"https:\/\/www.revancedapp.download\/revanced-microg\/#faq-question-1683807360470\",\"name\":\"Can I use ReVanced without MicroG?\",\"answerCount\":1,\"acceptedAnswer\":{\"@type\":\"Answer\",\"text\":\"No, you cannot use ReVanced without MicroG. ReVanced requires MicroG to function properly.\",\"inLanguage\":\"it-IT\"},\"inLanguage\":\"it-IT\"},{\"@type\":\"Question\",\"@id\":\"https:\/\/www.revancedapp.download\/revanced-microg\/#faq-question-1683807387649\",\"position\":3,\"url\":\"https:\/\/www.revancedapp.download\/revanced-microg\/#faq-question-1683807387649\",\"name\":\"Is Vanced MicroG safe to use?\",\"answerCount\":1,\"acceptedAnswer\":{\"@type\":\"Answer\",\"text\":\"Yes, Vanced MicroG is safe to use. It is developed by the inotia00, who is known for creating safe and reliable mods for the YouTube app.\",\"inLanguage\":\"it-IT\"},\"inLanguage\":\"it-IT\"},{\"@type\":\"Question\",\"@id\":\"https:\/\/www.revancedapp.download\/revanced-microg\/#faq-question-1683807454563\",\"position\":4,\"url\":\"https:\/\/www.revancedapp.download\/revanced-microg\/#faq-question-1683807454563\",\"name\":\"Are there any risks involved in using ReVanced and ReVanced MicroG?\",\"answerCount\":1,\"acceptedAnswer\":{\"@type\":\"Answer\",\"text\":\"As with any modded app, there is always a risk involved in using ReVanced and ReVanced MicroG. However, the ReVanced team is known for creating safe and reliable mods of the YouTube app, and there have been no reported issues with the ReVanced and ReVanced MicroG apps. Nonetheless, it's always a good idea to use caution when downloading and installing apps from sources other than the Google Play Store.\",\"inLanguage\":\"it-IT\"},\"inLanguage\":\"it-IT\"}]}<\/script>\n<!-- \/ Yoast SEO plugin. -->","yoast_head_json":{"title":"ReVanced MicroG Download APK v0.3.1.4.240913","description":"Se si desidera installare l'applicazione Youtube ReVanced sul proprio telefono Android, \u00e8 necessario installare ReVanced MicroG.","robots":{"index":"index","follow":"follow","max-snippet":"max-snippet:-1","max-image-preview":"max-image-preview:large","max-video-preview":"max-video-preview:-1"},"canonical":"https:\/\/www.revancedapp.download\/it\/microg-revanced\/","og_locale":"it_IT","og_type":"article","og_title":"ReVanced MicroG APK Download v0.3.1.4.240913","og_description":"If you want to install the Youtube ReVanced app on your Android phone, then it is necessary to install the ReVanced MicroG.","og_url":"https:\/\/www.revancedapp.download\/it\/microg-revanced\/","og_site_name":"ReVanced App","article_modified_time":"2024-06-16T13:56:44+00:00","og_image":[{"width":650,"height":400,"url":"https:\/\/www.revancedapp.download\/wp-content\/uploads\/ReVanced-MicroG.png","type":"image\/png"}],"twitter_card":"summary_large_image","twitter_misc":{"Tempo di lettura stimato":"4 minuti"},"schema":{"@context":"https:\/\/schema.org","@graph":[{"@type":["WebPage","FAQPage"],"@id":"https:\/\/www.revancedapp.download\/revanced-microg\/","url":"https:\/\/www.revancedapp.download\/revanced-microg\/","name":"ReVanced MicroG Download APK v0.3.1.4.240913","isPartOf":{"@id":"https:\/\/www.revancedapp.download\/#website"},"primaryImageOfPage":{"@id":"https:\/\/www.revancedapp.download\/revanced-microg\/#primaryimage"},"image":{"@id":"https:\/\/www.revancedapp.download\/revanced-microg\/#primaryimage"},"thumbnailUrl":"https:\/\/www.revancedapp.download\/wp-content\/uploads\/ReVanced-MicroG.png","datePublished":"2023-05-11T12:24:29+00:00","dateModified":"2024-06-16T13:56:44+00:00","description":"Se si desidera installare l'applicazione Youtube ReVanced sul proprio telefono Android, \u00e8 necessario installare ReVanced MicroG.","breadcrumb":{"@id":"https:\/\/www.revancedapp.download\/revanced-microg\/#breadcrumb"},"mainEntity":[{"@id":"https:\/\/www.revancedapp.download\/revanced-microg\/#faq-question-1683807218807"},{"@id":"https:\/\/www.revancedapp.download\/revanced-microg\/#faq-question-1683807360470"},{"@id":"https:\/\/www.revancedapp.download\/revanced-microg\/#faq-question-1683807387649"},{"@id":"https:\/\/www.revancedapp.download\/revanced-microg\/#faq-question-1683807454563"}],"inLanguage":"it-IT","potentialAction":[{"@type":"ReadAction","target":["https:\/\/www.revancedapp.download\/revanced-microg\/"]}]},{"@type":"ImageObject","inLanguage":"it-IT","@id":"https:\/\/www.revancedapp.download\/revanced-microg\/#primaryimage","url":"https:\/\/www.revancedapp.download\/wp-content\/uploads\/ReVanced-MicroG.png","contentUrl":"https:\/\/www.revancedapp.download\/wp-content\/uploads\/ReVanced-MicroG.png","width":650,"height":400,"caption":"ReVanced MicroG"},{"@type":"BreadcrumbList","@id":"https:\/\/www.revancedapp.download\/revanced-microg\/#breadcrumb","itemListElement":[{"@type":"ListItem","position":1,"name":"Home","item":"https:\/\/www.revancedapp.download\/"},{"@type":"ListItem","position":2,"name":"ReVanced MicroG APK Download v0.3.1.4.240913"}]},{"@type":"WebSite","@id":"https:\/\/www.revancedapp.download\/#website","url":"https:\/\/www.revancedapp.download\/","name":"App ReVanced","description":"Scaricate subito l'App ReVanced!","publisher":{"@id":"https:\/\/www.revancedapp.download\/#organization"},"alternateName":"YouTube ReVanced","potentialAction":[{"@type":"SearchAction","target":{"@type":"EntryPoint","urlTemplate":"https:\/\/www.revancedapp.download\/?s={search_term_string}"},"query-input":{"@type":"PropertyValueSpecification","valueRequired":true,"valueName":"search_term_string"}}],"inLanguage":"it-IT"},{"@type":"Organization","@id":"https:\/\/www.revancedapp.download\/#organization","name":"App ReVanced","alternateName":"YouTube ReVanced","url":"https:\/\/www.revancedapp.download\/","logo":{"@type":"ImageObject","inLanguage":"it-IT","@id":"https:\/\/www.revancedapp.download\/#\/schema\/logo\/image\/","url":"https:\/\/www.revancedapp.download\/wp-content\/uploads\/ReVanced-App-icon.png","contentUrl":"https:\/\/www.revancedapp.download\/wp-content\/uploads\/ReVanced-App-icon.png","width":512,"height":512,"caption":"ReVanced App"},"image":{"@id":"https:\/\/www.revancedapp.download\/#\/schema\/logo\/image\/"}},{"@type":"Question","@id":"https:\/\/www.revancedapp.download\/revanced-microg\/#faq-question-1683807218807","position":1,"url":"https:\/\/www.revancedapp.download\/revanced-microg\/#faq-question-1683807218807","name":"Che cos'\u00e8 ReVanced MicroG e perch\u00e9 \u00e8 necessario per ReVanced?","answerCount":1,"acceptedAnswer":{"@type":"Answer","text":"ReVanced MicroG is a small app that provides the necessary Google Play Services framework for the ReVanced modded YouTube app to function properly. It's necessary because ReVanced is a modified version of the official YouTube app that requires a modified version of the Google Play Services framework that is not available through the Google Play Store.","inLanguage":"it-IT"},"inLanguage":"it-IT"},{"@type":"Question","@id":"https:\/\/www.revancedapp.download\/revanced-microg\/#faq-question-1683807360470","position":2,"url":"https:\/\/www.revancedapp.download\/revanced-microg\/#faq-question-1683807360470","name":"Posso usare ReVanced senza MicroG?","answerCount":1,"acceptedAnswer":{"@type":"Answer","text":"No, you cannot use ReVanced without MicroG. ReVanced requires MicroG to function properly.","inLanguage":"it-IT"},"inLanguage":"it-IT"},{"@type":"Question","@id":"https:\/\/www.revancedapp.download\/revanced-microg\/#faq-question-1683807387649","position":3,"url":"https:\/\/www.revancedapp.download\/revanced-microg\/#faq-question-1683807387649","name":"Vanced MicroG \u00e8 sicuro da usare?","answerCount":1,"acceptedAnswer":{"@type":"Answer","text":"Yes, Vanced MicroG is safe to use. It is developed by the inotia00, who is known for creating safe and reliable mods for the YouTube app.","inLanguage":"it-IT"},"inLanguage":"it-IT"},{"@type":"Question","@id":"https:\/\/www.revancedapp.download\/revanced-microg\/#faq-question-1683807454563","position":4,"url":"https:\/\/www.revancedapp.download\/revanced-microg\/#faq-question-1683807454563","name":"L'uso di ReVanced e ReVanced MicroG comporta dei rischi?","answerCount":1,"acceptedAnswer":{"@type":"Answer","text":"As with any modded app, there is always a risk involved in using ReVanced and ReVanced MicroG. However, the ReVanced team is known for creating safe and reliable mods of the YouTube app, and there have been no reported issues with the ReVanced and ReVanced MicroG apps. Nonetheless, it's always a good idea to use caution when downloading and installing apps from sources other than the Google Play Store.","inLanguage":"it-IT"},"inLanguage":"it-IT"}]}},"_links":{"self":[{"href":"https:\/\/www.revancedapp.download\/it\/wp-json\/wp\/v2\/pages\/53","targetHints":{"allow":["GET"]}}],"collection":[{"href":"https:\/\/www.revancedapp.download\/it\/wp-json\/wp\/v2\/pages"}],"about":[{"href":"https:\/\/www.revancedapp.download\/it\/wp-json\/wp\/v2\/types\/page"}],"author":[{"embeddable":true,"href":"https:\/\/www.revancedapp.download\/it\/wp-json\/wp\/v2\/users\/1"}],"replies":[{"embeddable":true,"href":"https:\/\/www.revancedapp.download\/it\/wp-json\/wp\/v2\/comments?post=53"}],"version-history":[{"count":12,"href":"https:\/\/www.revancedapp.download\/it\/wp-json\/wp\/v2\/pages\/53\/revisions"}],"predecessor-version":[{"id":241,"href":"https:\/\/www.revancedapp.download\/it\/wp-json\/wp\/v2\/pages\/53\/revisions\/241"}],"wp:featuredmedia":[{"embeddable":true,"href":"https:\/\/www.revancedapp.download\/it\/wp-json\/wp\/v2\/media\/54"}],"wp:attachment":[{"href":"https:\/\/www.revancedapp.download\/it\/wp-json\/wp\/v2\/media?parent=53"}],"curies":[{"name":"wp","href":"https:\/\/api.w.org\/{rel}","templated":true}]}}