{"id":69,"date":"2023-05-11T12:56:48","date_gmt":"2023-05-11T12:56:48","guid":{"rendered":"https:\/\/www.revancedapp.download\/?page_id=69"},"modified":"2023-05-11T13:01:19","modified_gmt":"2023-05-11T13:01:19","slug":"politica-sulla-riservatezza","status":"publish","type":"page","link":"https:\/\/www.revancedapp.download\/it\/politica-sulla-riservatezza\/","title":{"rendered":"Informativa sulla privacy"},"content":{"rendered":"<p>In YouTube ReVanced, accessibile da https:\/\/www.revancedapp.download, una delle nostre principali priorit\u00e0 \u00e8 la privacy dei nostri visitatori. Il presente documento sulla privacy contiene i tipi di informazioni raccolte e registrate da YouTube ReVanced e le modalit\u00e0 di utilizzo.<\/p>\n\n\n\n<p>Se avete ulteriori domande o desiderate maggiori informazioni sulla nostra Informativa sulla privacy, non esitate a contattarci.<\/p>\n\n\n\n<p>La presente Informativa sulla privacy si applica solo alle nostre attivit\u00e0 online ed \u00e8 valida per i visitatori del nostro sito web per quanto riguarda le informazioni che hanno condiviso e\/o raccolto in YouTube ReVanced. Questa politica non \u00e8 applicabile a qualsiasi informazione raccolta offline o tramite canali diversi da questo sito web.<\/p>\n\n\n\n<div id=\"ez-toc-container\" class=\"ez-toc-v2_0_77 counter-hierarchy ez-toc-counter ez-toc-grey ez-toc-container-direction\">\n<div class=\"ez-toc-title-container\">\n<p class=\"ez-toc-title\" style=\"cursor:inherit\">Indice dei contenuti<\/p>\n<span class=\"ez-toc-title-toggle\"><a href=\"#\" class=\"ez-toc-pull-right ez-toc-btn ez-toc-btn-xs ez-toc-btn-default ez-toc-toggle\" aria-label=\"Allinea la tabella dei contenuti\"><span class=\"ez-toc-js-icon-con\"><span class=\"\"><span class=\"eztoc-hide\" style=\"display:none;\">Toggle<\/span><span class=\"ez-toc-icon-toggle-span\"><svg style=\"fill: #999;color:#999\" xmlns=\"http:\/\/www.w3.org\/2000\/svg\" class=\"list-377408\" width=\"20px\" height=\"20px\" viewbox=\"0 0 24 24\" fill=\"none\"><path d=\"M6 6H4v2h2V6zm14 0H8v2h12V6zM4 11h2v2H4v-2zm16 0H8v2h12v-2zM4 16h2v2H4v-2zm16 0H8v2h12v-2z\" fill=\"currentColor\"><\/path><\/svg><svg style=\"fill: #999;color:#999\" class=\"arrow-unsorted-368013\" xmlns=\"http:\/\/www.w3.org\/2000\/svg\" width=\"10px\" height=\"10px\" viewbox=\"0 0 24 24\" version=\"1.2\" baseprofile=\"tiny\"><path d=\"M18.2 9.3l-6.2-6.3-6.2 6.3c-.2.2-.3.4-.3.7s.1.5.3.7c.2.2.4.3.7.3h11c.3 0 .5-.1.7-.3.2-.2.3-.5.3-.7s-.1-.5-.3-.7zM5.8 14.7l6.2 6.3 6.2-6.3c.2-.2.3-.5.3-.7s-.1-.5-.3-.7c-.2-.2-.4-.3-.7-.3h-11c-.3 0-.5.1-.7.3-.2.2-.3.5-.3.7s.1.5.3.7z\"\/><\/svg><\/span><\/span><\/span><\/a><\/span><\/div>\n<nav><ul class='ez-toc-list ez-toc-list-level-1 eztoc-toggle-hide-by-default' ><li class='ez-toc-page-1 ez-toc-heading-level-2'><a class=\"ez-toc-link ez-toc-heading-1\" href=\"https:\/\/www.revancedapp.download\/it\/politica-sulla-riservatezza\/#Consent\" >Consenso<\/a><\/li><li class='ez-toc-page-1 ez-toc-heading-level-2'><a class=\"ez-toc-link ez-toc-heading-2\" href=\"https:\/\/www.revancedapp.download\/it\/politica-sulla-riservatezza\/#Information_we_collect\" >Informazioni raccolte<\/a><\/li><li class='ez-toc-page-1 ez-toc-heading-level-2'><a class=\"ez-toc-link ez-toc-heading-3\" href=\"https:\/\/www.revancedapp.download\/it\/politica-sulla-riservatezza\/#How_we_use_your_information\" >Come utilizziamo le vostre informazioni<\/a><\/li><li class='ez-toc-page-1 ez-toc-heading-level-2'><a class=\"ez-toc-link ez-toc-heading-4\" href=\"https:\/\/www.revancedapp.download\/it\/politica-sulla-riservatezza\/#Log_Files\" >File di registro<\/a><\/li><li class='ez-toc-page-1 ez-toc-heading-level-2'><a class=\"ez-toc-link ez-toc-heading-5\" href=\"https:\/\/www.revancedapp.download\/it\/politica-sulla-riservatezza\/#Cookies_and_Web_Beacons\" >Cookie e Web Beacon<\/a><\/li><li class='ez-toc-page-1 ez-toc-heading-level-2'><a class=\"ez-toc-link ez-toc-heading-6\" href=\"https:\/\/www.revancedapp.download\/it\/politica-sulla-riservatezza\/#Google_DoubleClick_DART_Cookie\" >Cookie DART di Google DoubleClick<\/a><\/li><li class='ez-toc-page-1 ez-toc-heading-level-2'><a class=\"ez-toc-link ez-toc-heading-7\" href=\"https:\/\/www.revancedapp.download\/it\/politica-sulla-riservatezza\/#Our_Advertising_Partners\" >I nostri partner pubblicitari<\/a><\/li><li class='ez-toc-page-1 ez-toc-heading-level-2'><a class=\"ez-toc-link ez-toc-heading-8\" href=\"https:\/\/www.revancedapp.download\/it\/politica-sulla-riservatezza\/#Advertising_Partners_Privacy_Policies\" >Partner pubblicitari Informativa sulla privacy<\/a><\/li><li class='ez-toc-page-1 ez-toc-heading-level-2'><a class=\"ez-toc-link ez-toc-heading-9\" href=\"https:\/\/www.revancedapp.download\/it\/politica-sulla-riservatezza\/#Third_Party_Privacy_Policies\" >Politiche sulla privacy di terzi<\/a><\/li><li class='ez-toc-page-1 ez-toc-heading-level-2'><a class=\"ez-toc-link ez-toc-heading-10\" href=\"https:\/\/www.revancedapp.download\/it\/politica-sulla-riservatezza\/#CCPA_Privacy_Rights_Do_Not_Sell_My_Personal_Information\" >Diritti alla privacy CCPA (non vendere le mie informazioni personali)<\/a><\/li><li class='ez-toc-page-1 ez-toc-heading-level-2'><a class=\"ez-toc-link ez-toc-heading-11\" href=\"https:\/\/www.revancedapp.download\/it\/politica-sulla-riservatezza\/#GDPR_Data_Protection_Rights\" >Diritti di protezione dei dati GDPR<\/a><\/li><li class='ez-toc-page-1 ez-toc-heading-level-2'><a class=\"ez-toc-link ez-toc-heading-12\" href=\"https:\/\/www.revancedapp.download\/it\/politica-sulla-riservatezza\/#Childrens_Information\" >Informazioni sui bambini<\/a><\/li><li class='ez-toc-page-1 ez-toc-heading-level-2'><a class=\"ez-toc-link ez-toc-heading-13\" href=\"https:\/\/www.revancedapp.download\/it\/politica-sulla-riservatezza\/#Changes_to_This_Privacy_Policy\" >Modifiche alla presente Informativa sulla privacy<\/a><\/li><li class='ez-toc-page-1 ez-toc-heading-level-2'><a class=\"ez-toc-link ez-toc-heading-14\" href=\"https:\/\/www.revancedapp.download\/it\/politica-sulla-riservatezza\/#Contact_Us\" >Contatto<\/a><\/li><\/ul><\/nav><\/div>\n<h2 class=\"wp-block-heading\"><span class=\"ez-toc-section\" id=\"Consent\"><\/span>Consenso<span class=\"ez-toc-section-end\"><\/span><\/h2>\n\n\n\n<p>Utilizzando il nostro sito web, l'utente acconsente alla nostra Informativa sulla privacy e ne accetta i termini.<\/p>\n\n\n\n<h2 class=\"wp-block-heading\"><span class=\"ez-toc-section\" id=\"Information_we_collect\"><\/span>Informazioni raccolte<span class=\"ez-toc-section-end\"><\/span><\/h2>\n\n\n\n<p>I dati personali che vi vengono richiesti e i motivi per cui vi vengono richiesti vi saranno chiariti nel momento in cui vi chiediamo di fornire i vostri dati personali.<\/p>\n\n\n\n<p>Se ci contattate direttamente, potremmo ricevere ulteriori informazioni su di voi, come il vostro nome, l'indirizzo e-mail, il numero di telefono, il contenuto del messaggio e\/o degli allegati che ci inviate e qualsiasi altra informazione che decidiate di fornirci.<\/p>\n\n\n\n<p>Quando l'utente si registra per un Account, potremmo richiedere le sue informazioni di contatto, tra cui nome, ragione sociale, indirizzo, indirizzo e-mail e numero di telefono.<\/p>\n\n\n\n<h2 class=\"wp-block-heading\"><span class=\"ez-toc-section\" id=\"How_we_use_your_information\"><\/span>Come utilizziamo le vostre informazioni<span class=\"ez-toc-section-end\"><\/span><\/h2>\n\n\n\n<p>Utilizziamo le informazioni raccolte in vari modi, tra cui per:<\/p>\n\n\n\n<ul class=\"wp-block-list\">\n<li>Fornire, gestire e mantenere il nostro sito web<\/li>\n\n\n\n<li>Migliorare, personalizzare ed espandere il nostro sito web<\/li>\n\n\n\n<li>Capire e analizzare il modo in cui l'utente utilizza il nostro sito web<\/li>\n\n\n\n<li>Sviluppare nuovi prodotti, servizi, caratteristiche e funzionalit\u00e0.<\/li>\n\n\n\n<li>Comunicare con voi, direttamente o tramite uno dei nostri partner, anche per il servizio clienti, per fornirvi aggiornamenti e altre informazioni relative al sito web e per scopi di marketing e promozionali.<\/li>\n\n\n\n<li>Inviarvi e-mail<\/li>\n\n\n\n<li>Individuare e prevenire le frodi<\/li>\n<\/ul>\n\n\n\n<h2 class=\"wp-block-heading\"><span class=\"ez-toc-section\" id=\"Log_Files\"><\/span>File di registro<span class=\"ez-toc-section-end\"><\/span><\/h2>\n\n\n\n<p>YouTube ReVanced segue una procedura standard di utilizzo dei file di log. Questi file registrano i visitatori quando visitano i siti web. Tutte le societ\u00e0 di hosting lo fanno e fanno parte dell'analisi dei servizi di hosting. Le informazioni raccolte dai file di registro includono gli indirizzi di protocollo Internet (IP), il tipo di browser, il provider di servizi Internet (ISP), la data e l'ora, le pagine di riferimento\/uscita ed eventualmente il numero di clic. Questi dati non sono collegati ad alcuna informazione di identificazione personale. Lo scopo di queste informazioni \u00e8 l'analisi delle tendenze, l'amministrazione del sito, il monitoraggio dei movimenti degli utenti sul sito e la raccolta di informazioni demografiche.<\/p>\n\n\n\n<h2 class=\"wp-block-heading\"><span class=\"ez-toc-section\" id=\"Cookies_and_Web_Beacons\"><\/span>Cookie e Web Beacon<span class=\"ez-toc-section-end\"><\/span><\/h2>\n\n\n\n<p>Come qualsiasi altro sito web, YouTube ReVanced utilizza i \"cookie\". Questi cookie vengono utilizzati per memorizzare informazioni, tra cui le preferenze dei visitatori e le pagine del sito web a cui il visitatore ha avuto accesso o che ha visitato. Le informazioni vengono utilizzate per ottimizzare l'esperienza degli utenti, personalizzando il contenuto delle nostre pagine web in base al tipo di browser dei visitatori e\/o ad altre informazioni.<\/p>\n\n\n\n<h2 class=\"wp-block-heading\"><span class=\"ez-toc-section\" id=\"Google_DoubleClick_DART_Cookie\"><\/span>Cookie DART di Google DoubleClick<span class=\"ez-toc-section-end\"><\/span><\/h2>\n\n\n\n<p>Google \u00e8 uno dei fornitori terzi del nostro sito. Utilizza anche cookie, noti come cookie DART, per pubblicare annunci per i visitatori del nostro sito in base alla loro visita a www.website.com e ad altri siti Internet. Tuttavia, i visitatori possono scegliere di rifiutare l'uso dei cookie DART visitando l'informativa sulla privacy della rete pubblicitaria e dei contenuti di Google al seguente URL.&nbsp;<a href=\"https:\/\/policies.google.com\/technologies\/ads\">https:\/\/policies.google.com\/technologies\/ads<\/a><\/p>\n\n\n\n<h2 class=\"wp-block-heading\"><span class=\"ez-toc-section\" id=\"Our_Advertising_Partners\"><\/span>I nostri partner pubblicitari<span class=\"ez-toc-section-end\"><\/span><\/h2>\n\n\n\n<p>Alcuni degli inserzionisti presenti sul nostro sito possono utilizzare cookie e web beacon. I nostri partner pubblicitari sono elencati di seguito. Ciascuno dei nostri partner pubblicitari ha una propria Informativa sulla privacy per quanto riguarda i dati degli utenti. Per facilitarne l'accesso, abbiamo creato un collegamento ipertestuale alle loro politiche sulla privacy.<\/p>\n\n\n\n<ul class=\"wp-block-list\">\n<li>Google<a href=\"https:\/\/policies.google.com\/technologies\/ads\">https:\/\/policies.google.com\/technologies\/ads<\/a><\/li>\n<\/ul>\n\n\n\n<h2 class=\"wp-block-heading\"><span class=\"ez-toc-section\" id=\"Advertising_Partners_Privacy_Policies\"><\/span>Partner pubblicitari Informativa sulla privacy<span class=\"ez-toc-section-end\"><\/span><\/h2>\n\n\n\n<p>L'utente pu\u00f2 consultare questo elenco per trovare l'informativa sulla privacy di ciascuno dei partner pubblicitari di YouTube ReVanced.<\/p>\n\n\n\n<p>I server pubblicitari di terze parti o le reti pubblicitarie utilizzano tecnologie come cookie, JavaScript o Web Beacon che vengono utilizzate nei rispettivi annunci e link che appaiono su YouTube ReVanced e che vengono inviati direttamente al browser degli utenti. Quando ci\u00f2 avviene, ricevono automaticamente il vostro indirizzo IP. Queste tecnologie vengono utilizzate per misurare l'efficacia delle loro campagne pubblicitarie e\/o per personalizzare i contenuti pubblicitari visualizzati sui siti web visitati.<\/p>\n\n\n\n<p>Si noti che YouTube ReVanced non ha accesso o controllo su questi cookie utilizzati da inserzionisti terzi.<\/p>\n\n\n\n<h2 class=\"wp-block-heading\"><span class=\"ez-toc-section\" id=\"Third_Party_Privacy_Policies\"><\/span>Politiche sulla privacy di terzi<span class=\"ez-toc-section-end\"><\/span><\/h2>\n\n\n\n<p>La politica sulla privacy di YouTube ReVanced non si applica ad altri inserzionisti o siti web. Pertanto, vi consigliamo di consultare le rispettive politiche sulla privacy di questi server pubblicitari di terze parti per informazioni pi\u00f9 dettagliate. Queste possono includere le loro pratiche e le istruzioni su come rinunciare a determinate opzioni.<\/p>\n\n\n\n<p>\u00c8 possibile scegliere di disabilitare i cookie attraverso le opzioni del proprio browser. Per informazioni pi\u00f9 dettagliate sulla gestione dei cookie con specifici browser web, \u00e8 possibile consultare i rispettivi siti web.<\/p>\n\n\n\n<h2 class=\"wp-block-heading\"><span class=\"ez-toc-section\" id=\"CCPA_Privacy_Rights_Do_Not_Sell_My_Personal_Information\"><\/span>Diritti alla privacy CCPA (non vendere le mie informazioni personali)<span class=\"ez-toc-section-end\"><\/span><\/h2>\n\n\n\n<p>Ai sensi del CCPA, tra gli altri diritti, i consumatori californiani hanno il diritto di:<\/p>\n\n\n\n<p>Richiedere che un'azienda che raccoglie i dati personali di un consumatore divulghi le categorie e i dati personali specifici che l'azienda ha raccolto sui consumatori.<\/p>\n\n\n\n<p>Richiedere che un'azienda cancelli tutti i dati personali del consumatore che ha raccolto.<\/p>\n\n\n\n<p>Richiedere che un'azienda che vende i dati personali di un consumatore non venda i dati personali del consumatore.<\/p>\n\n\n\n<p>In caso di richiesta, abbiamo un mese di tempo per rispondere. Se desiderate esercitare uno di questi diritti, contattateci.<\/p>\n\n\n\n<h2 class=\"wp-block-heading\"><span class=\"ez-toc-section\" id=\"GDPR_Data_Protection_Rights\"><\/span>Diritti di protezione dei dati GDPR<span class=\"ez-toc-section-end\"><\/span><\/h2>\n\n\n\n<p>Desideriamo assicurarci che l'utente sia pienamente consapevole di tutti i suoi diritti in materia di protezione dei dati. Ogni utente ha diritto a quanto segue:<\/p>\n\n\n\n<p>Diritto di accesso - Avete il diritto di richiedere copie dei vostri dati personali. Potremmo addebitarvi un piccolo costo per questo servizio.<\/p>\n\n\n\n<p>Diritto di rettifica - L'utente ha il diritto di richiedere la correzione delle informazioni che ritiene inesatte. Ha inoltre il diritto di richiedere che vengano completate le informazioni che ritiene incomplete.<\/p>\n\n\n\n<p>Diritto alla cancellazione - Avete il diritto di richiedere la cancellazione dei vostri dati personali, a determinate condizioni.<\/p>\n\n\n\n<p>Diritto di limitare l'elaborazione - Avete il diritto di richiedere la limitazione dell'elaborazione dei vostri dati personali, a determinate condizioni.<\/p>\n\n\n\n<p>Diritto di opposizione al trattamento - Avete il diritto di opporvi al trattamento dei vostri dati personali da parte nostra, a determinate condizioni.<\/p>\n\n\n\n<p>Diritto alla portabilit\u00e0 dei dati - Avete il diritto di richiedere il trasferimento dei dati da noi raccolti a un'altra organizzazione o direttamente a voi, a determinate condizioni.<\/p>\n\n\n\n<p>In caso di richiesta, abbiamo un mese di tempo per rispondere. Se desiderate esercitare uno di questi diritti, contattateci.<\/p>\n\n\n\n<h2 class=\"wp-block-heading\"><span class=\"ez-toc-section\" id=\"Childrens_Information\"><\/span>Informazioni sui bambini<span class=\"ez-toc-section-end\"><\/span><\/h2>\n\n\n\n<p>Un'altra parte della nostra priorit\u00e0 \u00e8 l'aggiunta di una protezione per i bambini durante l'utilizzo di Internet. Incoraggiamo genitori e tutori a osservare, partecipare e\/o monitorare e guidare la loro attivit\u00e0 online.<\/p>\n\n\n\n<p>YouTube ReVanced non raccoglie consapevolmente alcuna informazione di identificazione personale da bambini di et\u00e0 inferiore ai 13 anni. Se pensate che vostro figlio abbia fornito questo tipo di informazioni sul nostro sito web, vi invitiamo a contattarci immediatamente e faremo del nostro meglio per rimuovere prontamente tali informazioni dai nostri archivi.<\/p>\n\n\n\n<h2 class=\"wp-block-heading\"><span class=\"ez-toc-section\" id=\"Changes_to_This_Privacy_Policy\"><\/span>Modifiche alla presente Informativa sulla privacy<span class=\"ez-toc-section-end\"><\/span><\/h2>\n\n\n\n<p>La nostra Informativa sulla privacy pu\u00f2 essere aggiornata di tanto in tanto. Pertanto, vi consigliamo di consultare periodicamente questa pagina per verificare eventuali modifiche. Vi informeremo di eventuali modifiche pubblicando la nuova Informativa sulla privacy su questa pagina. Tali modifiche avranno effetto immediato dopo la loro pubblicazione su questa pagina.<\/p>\n\n\n\n<h2 class=\"wp-block-heading\"><span class=\"ez-toc-section\" id=\"Contact_Us\"><\/span>Contatto<span class=\"ez-toc-section-end\"><\/span><\/h2>\n\n\n\n<p>In caso di domande o suggerimenti sulla nostra Informativa sulla Privacy, non esitate a <a href=\"\/it\/contattaci\/\" target=\"_blank\" rel=\"noreferrer noopener\">contattateci<\/a>.<\/p>","protected":false},"excerpt":{"rendered":"<p>At YouTube ReVanced, accessible from https:\/\/www.revancedapp.download, one of our main priorities is the privacy of our visitors. This Privacy Policy document contains types of information that is collected and recorded by YouTube ReVanced and how we use it. If you have additional questions or require more information about our Privacy Policy, do not hesitate to &#8230; <a title=\"Informativa sulla privacy\" class=\"read-more\" href=\"https:\/\/www.revancedapp.download\/it\/politica-sulla-riservatezza\/\" aria-label=\"Leggi di pi\u00f9 su Privacy Policy\">Leggi tutto<\/a><\/p>","protected":false},"author":1,"featured_media":0,"parent":0,"menu_order":0,"comment_status":"closed","ping_status":"closed","template":"","meta":{"footnotes":""},"class_list":["post-69","page","type-page","status-publish"],"yoast_head":"<!-- This site is optimized with the Yoast SEO plugin v26.3 - https:\/\/yoast.com\/wordpress\/plugins\/seo\/ -->\n<title>Privacy Policy | ReVanced App<\/title>\n<meta name=\"robots\" content=\"index, follow, max-snippet:-1, max-image-preview:large, max-video-preview:-1\" \/>\n<link rel=\"canonical\" href=\"https:\/\/www.revancedapp.download\/it\/politica-sulla-riservatezza\/\" \/>\n<meta property=\"og:locale\" content=\"it_IT\" \/>\n<meta property=\"og:type\" content=\"article\" \/>\n<meta property=\"og:title\" content=\"Privacy Policy | ReVanced App\" \/>\n<meta property=\"og:description\" content=\"At YouTube ReVanced, accessible from https:\/\/www.revancedapp.download, one of our main priorities is the privacy of our visitors. This Privacy Policy document contains types of information that is collected and recorded by YouTube ReVanced and how we use it. If you have additional questions or require more information about our Privacy Policy, do not hesitate to ... Leggi tutto\" \/>\n<meta property=\"og:url\" content=\"https:\/\/www.revancedapp.download\/it\/politica-sulla-riservatezza\/\" \/>\n<meta property=\"og:site_name\" content=\"ReVanced App\" \/>\n<meta property=\"article:modified_time\" content=\"2023-05-11T13:01:19+00:00\" \/>\n<meta property=\"og:image\" content=\"https:\/\/www.revancedapp.download\/wp-content\/uploads\/Download-Youtube-ReVanced.png\" \/>\n\t<meta property=\"og:image:width\" content=\"650\" \/>\n\t<meta property=\"og:image:height\" content=\"400\" \/>\n\t<meta property=\"og:image:type\" content=\"image\/png\" \/>\n<meta name=\"twitter:card\" content=\"summary_large_image\" \/>\n<meta name=\"twitter:label1\" content=\"Tempo di lettura stimato\" \/>\n\t<meta name=\"twitter:data1\" content=\"6 minuti\" \/>\n<script type=\"application\/ld+json\" class=\"yoast-schema-graph\">{\"@context\":\"https:\/\/schema.org\",\"@graph\":[{\"@type\":\"WebPage\",\"@id\":\"https:\/\/www.revancedapp.download\/privacy-policy\/\",\"url\":\"https:\/\/www.revancedapp.download\/privacy-policy\/\",\"name\":\"Privacy Policy | ReVanced App\",\"isPartOf\":{\"@id\":\"https:\/\/www.revancedapp.download\/#website\"},\"datePublished\":\"2023-05-11T12:56:48+00:00\",\"dateModified\":\"2023-05-11T13:01:19+00:00\",\"breadcrumb\":{\"@id\":\"https:\/\/www.revancedapp.download\/privacy-policy\/#breadcrumb\"},\"inLanguage\":\"it-IT\",\"potentialAction\":[{\"@type\":\"ReadAction\",\"target\":[\"https:\/\/www.revancedapp.download\/privacy-policy\/\"]}]},{\"@type\":\"BreadcrumbList\",\"@id\":\"https:\/\/www.revancedapp.download\/privacy-policy\/#breadcrumb\",\"itemListElement\":[{\"@type\":\"ListItem\",\"position\":1,\"name\":\"Home\",\"item\":\"https:\/\/www.revancedapp.download\/\"},{\"@type\":\"ListItem\",\"position\":2,\"name\":\"Privacy Policy\"}]},{\"@type\":\"WebSite\",\"@id\":\"https:\/\/www.revancedapp.download\/#website\",\"url\":\"https:\/\/www.revancedapp.download\/\",\"name\":\"ReVanced App\",\"description\":\"Download ReVanced App right now!\",\"publisher\":{\"@id\":\"https:\/\/www.revancedapp.download\/#organization\"},\"alternateName\":\"YouTube ReVanced\",\"potentialAction\":[{\"@type\":\"SearchAction\",\"target\":{\"@type\":\"EntryPoint\",\"urlTemplate\":\"https:\/\/www.revancedapp.download\/?s={search_term_string}\"},\"query-input\":{\"@type\":\"PropertyValueSpecification\",\"valueRequired\":true,\"valueName\":\"search_term_string\"}}],\"inLanguage\":\"it-IT\"},{\"@type\":\"Organization\",\"@id\":\"https:\/\/www.revancedapp.download\/#organization\",\"name\":\"ReVanced App\",\"alternateName\":\"YouTube ReVanced\",\"url\":\"https:\/\/www.revancedapp.download\/\",\"logo\":{\"@type\":\"ImageObject\",\"inLanguage\":\"it-IT\",\"@id\":\"https:\/\/www.revancedapp.download\/#\/schema\/logo\/image\/\",\"url\":\"https:\/\/www.revancedapp.download\/wp-content\/uploads\/ReVanced-App-icon.png\",\"contentUrl\":\"https:\/\/www.revancedapp.download\/wp-content\/uploads\/ReVanced-App-icon.png\",\"width\":512,\"height\":512,\"caption\":\"ReVanced App\"},\"image\":{\"@id\":\"https:\/\/www.revancedapp.download\/#\/schema\/logo\/image\/\"}}]}<\/script>\n<!-- \/ Yoast SEO plugin. -->","yoast_head_json":{"title":"Informativa sulla privacy | App ReVanced","robots":{"index":"index","follow":"follow","max-snippet":"max-snippet:-1","max-image-preview":"max-image-preview:large","max-video-preview":"max-video-preview:-1"},"canonical":"https:\/\/www.revancedapp.download\/it\/politica-sulla-riservatezza\/","og_locale":"it_IT","og_type":"article","og_title":"Privacy Policy | ReVanced App","og_description":"At YouTube ReVanced, accessible from https:\/\/www.revancedapp.download, one of our main priorities is the privacy of our visitors. This Privacy Policy document contains types of information that is collected and recorded by YouTube ReVanced and how we use it. If you have additional questions or require more information about our Privacy Policy, do not hesitate to ... Leggi tutto","og_url":"https:\/\/www.revancedapp.download\/it\/politica-sulla-riservatezza\/","og_site_name":"ReVanced App","article_modified_time":"2023-05-11T13:01:19+00:00","og_image":[{"width":650,"height":400,"url":"https:\/\/www.revancedapp.download\/wp-content\/uploads\/Download-Youtube-ReVanced.png","type":"image\/png"}],"twitter_card":"summary_large_image","twitter_misc":{"Tempo di lettura stimato":"6 minuti"},"schema":{"@context":"https:\/\/schema.org","@graph":[{"@type":"WebPage","@id":"https:\/\/www.revancedapp.download\/privacy-policy\/","url":"https:\/\/www.revancedapp.download\/privacy-policy\/","name":"Informativa sulla privacy | App ReVanced","isPartOf":{"@id":"https:\/\/www.revancedapp.download\/#website"},"datePublished":"2023-05-11T12:56:48+00:00","dateModified":"2023-05-11T13:01:19+00:00","breadcrumb":{"@id":"https:\/\/www.revancedapp.download\/privacy-policy\/#breadcrumb"},"inLanguage":"it-IT","potentialAction":[{"@type":"ReadAction","target":["https:\/\/www.revancedapp.download\/privacy-policy\/"]}]},{"@type":"BreadcrumbList","@id":"https:\/\/www.revancedapp.download\/privacy-policy\/#breadcrumb","itemListElement":[{"@type":"ListItem","position":1,"name":"Home","item":"https:\/\/www.revancedapp.download\/"},{"@type":"ListItem","position":2,"name":"Privacy Policy"}]},{"@type":"WebSite","@id":"https:\/\/www.revancedapp.download\/#website","url":"https:\/\/www.revancedapp.download\/","name":"App ReVanced","description":"Scaricate subito l'App ReVanced!","publisher":{"@id":"https:\/\/www.revancedapp.download\/#organization"},"alternateName":"YouTube ReVanced","potentialAction":[{"@type":"SearchAction","target":{"@type":"EntryPoint","urlTemplate":"https:\/\/www.revancedapp.download\/?s={search_term_string}"},"query-input":{"@type":"PropertyValueSpecification","valueRequired":true,"valueName":"search_term_string"}}],"inLanguage":"it-IT"},{"@type":"Organization","@id":"https:\/\/www.revancedapp.download\/#organization","name":"App ReVanced","alternateName":"YouTube ReVanced","url":"https:\/\/www.revancedapp.download\/","logo":{"@type":"ImageObject","inLanguage":"it-IT","@id":"https:\/\/www.revancedapp.download\/#\/schema\/logo\/image\/","url":"https:\/\/www.revancedapp.download\/wp-content\/uploads\/ReVanced-App-icon.png","contentUrl":"https:\/\/www.revancedapp.download\/wp-content\/uploads\/ReVanced-App-icon.png","width":512,"height":512,"caption":"ReVanced App"},"image":{"@id":"https:\/\/www.revancedapp.download\/#\/schema\/logo\/image\/"}}]}},"_links":{"self":[{"href":"https:\/\/www.revancedapp.download\/it\/wp-json\/wp\/v2\/pages\/69","targetHints":{"allow":["GET"]}}],"collection":[{"href":"https:\/\/www.revancedapp.download\/it\/wp-json\/wp\/v2\/pages"}],"about":[{"href":"https:\/\/www.revancedapp.download\/it\/wp-json\/wp\/v2\/types\/page"}],"author":[{"embeddable":true,"href":"https:\/\/www.revancedapp.download\/it\/wp-json\/wp\/v2\/users\/1"}],"replies":[{"embeddable":true,"href":"https:\/\/www.revancedapp.download\/it\/wp-json\/wp\/v2\/comments?post=69"}],"version-history":[{"count":2,"href":"https:\/\/www.revancedapp.download\/it\/wp-json\/wp\/v2\/pages\/69\/revisions"}],"predecessor-version":[{"id":74,"href":"https:\/\/www.revancedapp.download\/it\/wp-json\/wp\/v2\/pages\/69\/revisions\/74"}],"wp:attachment":[{"href":"https:\/\/www.revancedapp.download\/it\/wp-json\/wp\/v2\/media?parent=69"}],"curies":[{"name":"wp","href":"https:\/\/api.w.org\/{rel}","templated":true}]}}