{"id":42,"date":"2023-05-11T05:39:19","date_gmt":"2023-05-11T05:39:19","guid":{"rendered":"https:\/\/www.revancedapp.download\/?page_id=42"},"modified":"2023-05-11T05:39:21","modified_gmt":"2023-05-11T05:39:21","slug":"isencao-de-responsabilidade","status":"publish","type":"page","link":"https:\/\/www.revancedapp.download\/pt\/isencao-de-responsabilidade\/","title":{"rendered":"Isen\u00e7\u00e3o de responsabilidade"},"content":{"rendered":"<p>Gostar\u00edamos de deixar claro que n\u00e3o somos os desenvolvedores oficiais do aplicativo ReVanced. As opini\u00f5es, recomenda\u00e7\u00f5es e informa\u00e7\u00f5es compartilhadas no site do nosso blog baseiam-se exclusivamente em nossa experi\u00eancia e pesquisa pessoais. N\u00e3o temos nenhuma associa\u00e7\u00e3o com os criadores do aplicativo ReVanced e n\u00e3o somos respons\u00e1veis por seu desempenho ou funcionalidade. Portanto, n\u00e3o podemos ser responsabilizados por quaisquer problemas ou danos que possam surgir com o uso do aplicativo ReVanced. Aconselhamos nossos leitores a terem cuidado ao fazer download e usar aplicativos de terceiros e recomendamos que fa\u00e7am sua pr\u00f3pria pesquisa antes de tomar qualquer decis\u00e3o.<\/p>","protected":false},"excerpt":{"rendered":"<p>We want to make it clear that we are not the official developers of the ReVanced App. The opinions, recommendations, and information shared on our blog website are solely based on our personal experience and research. We do not have any association with the creators of the ReVanced App, and we are not accountable for &#8230; <a title=\"Isen\u00e7\u00e3o de responsabilidade\" class=\"read-more\" href=\"https:\/\/www.revancedapp.download\/pt\/isencao-de-responsabilidade\/\" aria-label=\"More on Disclaimer\">Ler mais<\/a><\/p>","protected":false},"author":1,"featured_media":0,"parent":0,"menu_order":0,"comment_status":"closed","ping_status":"closed","template":"","meta":{"footnotes":""},"class_list":["post-42","page","type-page","status-publish"],"yoast_head":"<!-- This site is optimized with the Yoast SEO plugin v26.3 - https:\/\/yoast.com\/wordpress\/plugins\/seo\/ -->\n<title>Disclaimer | ReVanced App<\/title>\n<meta name=\"robots\" content=\"index, follow, max-snippet:-1, max-image-preview:large, max-video-preview:-1\" \/>\n<link rel=\"canonical\" href=\"https:\/\/www.revancedapp.download\/pt\/isencao-de-responsabilidade\/\" \/>\n<meta property=\"og:locale\" content=\"pt_BR\" \/>\n<meta property=\"og:type\" content=\"article\" \/>\n<meta property=\"og:title\" content=\"Disclaimer | ReVanced App\" \/>\n<meta property=\"og:description\" content=\"We want to make it clear that we are not the official developers of the ReVanced App. The opinions, recommendations, and information shared on our blog website are solely based on our personal experience and research. We do not have any association with the creators of the ReVanced App, and we are not accountable for ... Ler mais\" \/>\n<meta property=\"og:url\" content=\"https:\/\/www.revancedapp.download\/pt\/isencao-de-responsabilidade\/\" \/>\n<meta property=\"og:site_name\" content=\"ReVanced App\" \/>\n<meta property=\"article:modified_time\" content=\"2023-05-11T05:39:21+00:00\" \/>\n<meta property=\"og:image\" content=\"https:\/\/www.revancedapp.download\/wp-content\/uploads\/Download-Youtube-ReVanced.png\" \/>\n\t<meta property=\"og:image:width\" content=\"650\" \/>\n\t<meta property=\"og:image:height\" content=\"400\" \/>\n\t<meta property=\"og:image:type\" content=\"image\/png\" \/>\n<meta name=\"twitter:card\" content=\"summary_large_image\" \/>\n<meta name=\"twitter:label1\" content=\"Est. tempo de leitura\" \/>\n\t<meta name=\"twitter:data1\" content=\"1 minuto\" \/>\n<script type=\"application\/ld+json\" class=\"yoast-schema-graph\">{\"@context\":\"https:\/\/schema.org\",\"@graph\":[{\"@type\":\"WebPage\",\"@id\":\"https:\/\/www.revancedapp.download\/disclaimer\/\",\"url\":\"https:\/\/www.revancedapp.download\/disclaimer\/\",\"name\":\"Disclaimer | ReVanced App\",\"isPartOf\":{\"@id\":\"https:\/\/www.revancedapp.download\/#website\"},\"datePublished\":\"2023-05-11T05:39:19+00:00\",\"dateModified\":\"2023-05-11T05:39:21+00:00\",\"breadcrumb\":{\"@id\":\"https:\/\/www.revancedapp.download\/disclaimer\/#breadcrumb\"},\"inLanguage\":\"pt-BR\",\"potentialAction\":[{\"@type\":\"ReadAction\",\"target\":[\"https:\/\/www.revancedapp.download\/disclaimer\/\"]}]},{\"@type\":\"BreadcrumbList\",\"@id\":\"https:\/\/www.revancedapp.download\/disclaimer\/#breadcrumb\",\"itemListElement\":[{\"@type\":\"ListItem\",\"position\":1,\"name\":\"Home\",\"item\":\"https:\/\/www.revancedapp.download\/\"},{\"@type\":\"ListItem\",\"position\":2,\"name\":\"Disclaimer\"}]},{\"@type\":\"WebSite\",\"@id\":\"https:\/\/www.revancedapp.download\/#website\",\"url\":\"https:\/\/www.revancedapp.download\/\",\"name\":\"ReVanced App\",\"description\":\"Download ReVanced App right now!\",\"publisher\":{\"@id\":\"https:\/\/www.revancedapp.download\/#organization\"},\"alternateName\":\"YouTube ReVanced\",\"potentialAction\":[{\"@type\":\"SearchAction\",\"target\":{\"@type\":\"EntryPoint\",\"urlTemplate\":\"https:\/\/www.revancedapp.download\/?s={search_term_string}\"},\"query-input\":{\"@type\":\"PropertyValueSpecification\",\"valueRequired\":true,\"valueName\":\"search_term_string\"}}],\"inLanguage\":\"pt-BR\"},{\"@type\":\"Organization\",\"@id\":\"https:\/\/www.revancedapp.download\/#organization\",\"name\":\"ReVanced App\",\"alternateName\":\"YouTube ReVanced\",\"url\":\"https:\/\/www.revancedapp.download\/\",\"logo\":{\"@type\":\"ImageObject\",\"inLanguage\":\"pt-BR\",\"@id\":\"https:\/\/www.revancedapp.download\/#\/schema\/logo\/image\/\",\"url\":\"https:\/\/www.revancedapp.download\/wp-content\/uploads\/ReVanced-App-icon.png\",\"contentUrl\":\"https:\/\/www.revancedapp.download\/wp-content\/uploads\/ReVanced-App-icon.png\",\"width\":512,\"height\":512,\"caption\":\"ReVanced App\"},\"image\":{\"@id\":\"https:\/\/www.revancedapp.download\/#\/schema\/logo\/image\/\"}}]}<\/script>\n<!-- \/ Yoast SEO plugin. -->","yoast_head_json":{"title":"Isen\u00e7\u00e3o de responsabilidade | Aplicativo ReVanced","robots":{"index":"index","follow":"follow","max-snippet":"max-snippet:-1","max-image-preview":"max-image-preview:large","max-video-preview":"max-video-preview:-1"},"canonical":"https:\/\/www.revancedapp.download\/pt\/isencao-de-responsabilidade\/","og_locale":"pt_BR","og_type":"article","og_title":"Disclaimer | ReVanced App","og_description":"We want to make it clear that we are not the official developers of the ReVanced App. The opinions, recommendations, and information shared on our blog website are solely based on our personal experience and research. We do not have any association with the creators of the ReVanced App, and we are not accountable for ... Ler mais","og_url":"https:\/\/www.revancedapp.download\/pt\/isencao-de-responsabilidade\/","og_site_name":"ReVanced App","article_modified_time":"2023-05-11T05:39:21+00:00","og_image":[{"width":650,"height":400,"url":"https:\/\/www.revancedapp.download\/wp-content\/uploads\/Download-Youtube-ReVanced.png","type":"image\/png"}],"twitter_card":"summary_large_image","twitter_misc":{"Est. tempo de leitura":"1 minuto"},"schema":{"@context":"https:\/\/schema.org","@graph":[{"@type":"WebPage","@id":"https:\/\/www.revancedapp.download\/disclaimer\/","url":"https:\/\/www.revancedapp.download\/disclaimer\/","name":"Isen\u00e7\u00e3o de responsabilidade | Aplicativo ReVanced","isPartOf":{"@id":"https:\/\/www.revancedapp.download\/#website"},"datePublished":"2023-05-11T05:39:19+00:00","dateModified":"2023-05-11T05:39:21+00:00","breadcrumb":{"@id":"https:\/\/www.revancedapp.download\/disclaimer\/#breadcrumb"},"inLanguage":"pt-BR","potentialAction":[{"@type":"ReadAction","target":["https:\/\/www.revancedapp.download\/disclaimer\/"]}]},{"@type":"BreadcrumbList","@id":"https:\/\/www.revancedapp.download\/disclaimer\/#breadcrumb","itemListElement":[{"@type":"ListItem","position":1,"name":"Home","item":"https:\/\/www.revancedapp.download\/"},{"@type":"ListItem","position":2,"name":"Disclaimer"}]},{"@type":"WebSite","@id":"https:\/\/www.revancedapp.download\/#website","url":"https:\/\/www.revancedapp.download\/","name":"Aplicativo ReVanced","description":"Baixe o aplicativo ReVanced agora mesmo!","publisher":{"@id":"https:\/\/www.revancedapp.download\/#organization"},"alternateName":"YouTube ReVanced","potentialAction":[{"@type":"SearchAction","target":{"@type":"EntryPoint","urlTemplate":"https:\/\/www.revancedapp.download\/?s={search_term_string}"},"query-input":{"@type":"PropertyValueSpecification","valueRequired":true,"valueName":"search_term_string"}}],"inLanguage":"pt-BR"},{"@type":"Organization","@id":"https:\/\/www.revancedapp.download\/#organization","name":"Aplicativo ReVanced","alternateName":"YouTube ReVanced","url":"https:\/\/www.revancedapp.download\/","logo":{"@type":"ImageObject","inLanguage":"pt-BR","@id":"https:\/\/www.revancedapp.download\/#\/schema\/logo\/image\/","url":"https:\/\/www.revancedapp.download\/wp-content\/uploads\/ReVanced-App-icon.png","contentUrl":"https:\/\/www.revancedapp.download\/wp-content\/uploads\/ReVanced-App-icon.png","width":512,"height":512,"caption":"ReVanced App"},"image":{"@id":"https:\/\/www.revancedapp.download\/#\/schema\/logo\/image\/"}}]}},"_links":{"self":[{"href":"https:\/\/www.revancedapp.download\/pt\/wp-json\/wp\/v2\/pages\/42","targetHints":{"allow":["GET"]}}],"collection":[{"href":"https:\/\/www.revancedapp.download\/pt\/wp-json\/wp\/v2\/pages"}],"about":[{"href":"https:\/\/www.revancedapp.download\/pt\/wp-json\/wp\/v2\/types\/page"}],"author":[{"embeddable":true,"href":"https:\/\/www.revancedapp.download\/pt\/wp-json\/wp\/v2\/users\/1"}],"replies":[{"embeddable":true,"href":"https:\/\/www.revancedapp.download\/pt\/wp-json\/wp\/v2\/comments?post=42"}],"version-history":[{"count":1,"href":"https:\/\/www.revancedapp.download\/pt\/wp-json\/wp\/v2\/pages\/42\/revisions"}],"predecessor-version":[{"id":43,"href":"https:\/\/www.revancedapp.download\/pt\/wp-json\/wp\/v2\/pages\/42\/revisions\/43"}],"wp:attachment":[{"href":"https:\/\/www.revancedapp.download\/pt\/wp-json\/wp\/v2\/media?parent=42"}],"curies":[{"name":"wp","href":"https:\/\/api.w.org\/{rel}","templated":true}]}}